{"id":16,"date":"2025-12-05T15:29:58","date_gmt":"2025-12-05T14:29:58","guid":{"rendered":"https:\/\/beta.anadyomene.org\/?page_id=16"},"modified":"2026-03-31T11:51:44","modified_gmt":"2026-03-31T09:51:44","slug":"homepage-2","status":"publish","type":"page","link":"https:\/\/beta.anadyomene.org\/en\/","title":{"rendered":"Homepage"},"content":{"rendered":"<div class=\"wp-block-cover alignfull is-light\" style=\"min-height:100vh;aspect-ratio:unset;\"><video class=\"wp-block-cover__video-background intrinsic-ignore\" autoplay muted loop playsinline src=\"https:\/\/beta.anadyomene.org\/wp-content\/uploads\/2026\/03\/Video_Accueil.mp4\" data-object-fit=\"cover\"><\/video><span aria-hidden=\"true\" class=\"wp-block-cover__background has-primary-background-color has-background-dim-0 has-background-dim\"><\/span><div class=\"wp-block-cover__inner-container has-global-padding is-layout-constrained wp-block-cover-is-layout-constrained\">\n<p class=\"has-text-align-center has-white-color has-text-color has-max-60-font-size\" style=\"font-style:normal;font-weight:900;line-height:1.2\"><\/p>\n<\/div><\/div>\n\n\n\n<div class=\"wp-block-group has-global-padding is-layout-constrained wp-block-group-is-layout-constrained\">\n<div style=\"height:57px\" aria-hidden=\"true\" class=\"wp-block-spacer\"><\/div>\n\n\n\n<h2 class=\"wp-block-heading has-text-align-center has-medium-font-size\" style=\"letter-spacing:1px\">Anadyom\u00e8ne is committed to a better understanding of our ancestral crops, the vine and the olive.<\/h2>\n\n\n\n<div style=\"height:16px\" aria-hidden=\"true\" class=\"wp-block-spacer\"><\/div>\n\n\n\n<div class=\"wp-block-buttons is-horizontal is-content-justification-center is-layout-flex wp-container-core-buttons-is-layout-03627597 wp-block-buttons-is-layout-flex\">\n<div class=\"wp-block-button is-style-fill\"><a class=\"wp-block-button__link has-secondary-background-color has-background has-small-font-size has-custom-font-size wp-element-button\" href=\"https:\/\/beta.anadyomene.org\/en\/qui-sommes-nous\/\" style=\"border-radius:0px\">Find out more about us<\/a><\/div>\n<\/div>\n\n\n\n<div style=\"height:57px\" aria-hidden=\"true\" class=\"wp-block-spacer\"><\/div>\n\n\n\n<div class=\"wp-block-columns alignfull is-layout-flex wp-container-core-columns-is-layout-28f84493 wp-block-columns-is-layout-flex\">\n<div class=\"wp-block-column is-layout-flow wp-block-column-is-layout-flow\" style=\"flex-basis:66.66%\">\n<figure class=\"wp-block-video\"><video height=\"1080\" style=\"aspect-ratio: 1920 \/ 1080;\" width=\"1920\" autoplay loop muted src=\"https:\/\/beta.anadyomene.org\/wp-content\/uploads\/2025\/12\/Video-mise-en-avant_Maquettes-3D.mp4\" playsinline><\/video><\/figure>\n<\/div>\n\n\n\n<div class=\"wp-block-column is-vertically-aligned-center is-layout-flow wp-block-column-is-layout-flow\" style=\"padding-top:0;padding-right:0;padding-bottom:0;padding-left:0;flex-basis:33.33%\">\n<p style=\"font-style:normal;font-weight:300\">Our latest book<\/p>\n\n\n\n<h2 class=\"wp-block-heading\">Thousand-year-old olive trees<br>Guardians of the Mediterranean<\/h2>\n\n\n\n<hr class=\"wp-block-separator has-alpha-channel-opacity\"\/>\n\n\n\n<p>After nine years of reporting from all over the Mediterranean basin, our new art book is now available. <\/p>\n\n\n\n<p>This large-format Italian-style book has 384 pages and weighs 3kg. It takes you on a tour of the thousand-year-old olive trees, of course, but also of the remarkable people who protect them and the cultures and skills that are threatened or have disappeared.<\/p>\n\n\n\n<div style=\"height:36px\" aria-hidden=\"true\" class=\"wp-block-spacer\"><\/div>\n\n\n\n<div class=\"wp-block-buttons is-content-justification-center is-layout-flex wp-container-core-buttons-is-layout-a89b3969 wp-block-buttons-is-layout-flex\">\n<div class=\"wp-block-button\"><a class=\"wp-block-button__link wp-element-button\" href=\"https:\/\/beta.anadyomene.org\/en\/bon-de-commande-oliviers-millenaires-les-gardiens-de-la-mediterranee\/\" target=\"_blank\" rel=\"noreferrer noopener\">Order<\/a><\/div>\n<\/div>\n<\/div>\n<\/div>\n<\/div>\n\n\n\n<div id=\"news\" class=\"wp-block-group has-global-padding is-layout-constrained wp-block-group-is-layout-constrained\">\n<div style=\"height:59px\" aria-hidden=\"true\" class=\"wp-block-spacer\"><\/div>\n\n\n\n<p class=\"has-text-align-left has-secondary-color has-text-color\">News <\/p>\n\n\n\n<h2 class=\"wp-block-heading has-text-align-left\">What's new at Anadyom\u00e8ne? <\/h2>\n\n\n\n<div style=\"height:10px\" aria-hidden=\"true\" class=\"wp-block-spacer\"><\/div>\n\n\n\n<div class=\"wp-block-query is-layout-flow wp-block-query-is-layout-flow\"><ul class=\"columns-3 wp-block-post-template is-layout-grid wp-container-core-post-template-is-layout-41213226 wp-block-post-template-is-layout-grid\"><li class=\"wp-block-post post-2384 post type-post status-publish format-standard has-post-thumbnail hentry category-actualites\">\n<figure style=\"width:100%;height:240px; margin-bottom:var(--wp--preset--spacing--x-small);\" class=\"wp-block-post-featured-image\"><a href=\"https:\/\/beta.anadyomene.org\/en\/2019\/10\/25\/revue-de-presse-deuxieme-article-sur-lassociation-et-le-projet-mediterranee-terroir-divin-dans-le-midi-libre\/\" target=\"_self\"  style=\"height:240px\"><img loading=\"lazy\" decoding=\"async\" width=\"885\" height=\"500\" src=\"https:\/\/beta.anadyomene.org\/wp-content\/uploads\/2019\/10\/Midi-libre_Claude-Cruells-et-Raphael-Colicci.jpg\" class=\"attachment-post-thumbnail size-post-thumbnail wp-post-image\" alt=\"On parle de nous : deuxi\u00e8me article sur l&rsquo;association et le projet \u00ab\u00a0M\u00e9diterran\u00e9e Terroir divin\u00a0\u00bb dans le Midi Libre!\" style=\"border-radius:5px;height:240px;object-fit:cover;\" srcset=\"https:\/\/beta.anadyomene.org\/wp-content\/uploads\/2019\/10\/Midi-libre_Claude-Cruells-et-Raphael-Colicci.jpg 885w, https:\/\/beta.anadyomene.org\/wp-content\/uploads\/2019\/10\/Midi-libre_Claude-Cruells-et-Raphael-Colicci-300x169.jpg 300w, https:\/\/beta.anadyomene.org\/wp-content\/uploads\/2019\/10\/Midi-libre_Claude-Cruells-et-Raphael-Colicci-18x10.jpg 18w, https:\/\/beta.anadyomene.org\/wp-content\/uploads\/2019\/10\/Midi-libre_Claude-Cruells-et-Raphael-Colicci-600x339.jpg 600w\" sizes=\"auto, 100vw\" \/><\/a><\/figure>\n\n<div style=\"margin-top:0;margin-bottom:0;\" class=\"has-link-color wp-elements-81b22c36d1d8b884fcf13a99846b36c3 wp-block-post-date has-text-color has-tertiary-color\"><time datetime=\"2019-10-25T11:00:35+02:00\">25\/10\/2019<\/time><\/div>\n\n<h3 style=\"margin-top:0;margin-bottom:var(--wp--preset--spacing--x-small);\" class=\"has-link-color wp-elements-2e75b4e4fab489cf445e03eda13279d1 wp-block-post-title\"><a href=\"https:\/\/beta.anadyomene.org\/en\/2019\/10\/25\/revue-de-presse-deuxieme-article-sur-lassociation-et-le-projet-mediterranee-terroir-divin-dans-le-midi-libre\/\" target=\"_self\" >On parle de nous : deuxi\u00e8me article sur l&rsquo;association et le projet \u00ab\u00a0M\u00e9diterran\u00e9e Terroir divin\u00a0\u00bb dans le Midi Libre!<\/a><\/h3>\n\n<div class=\"has-link-color wp-elements-61eeeb1d6c31f3761cb8bc35b6e1a095 wp-block-post-excerpt has-text-color has-tertiary-color\"><p class=\"wp-block-post-excerpt__excerpt\">LA PRESSE EN PARLE! Deuxi\u00e8me article sur l&rsquo;association et le projet M\u00e9diterran\u00e9e Terroir divin dans le\u00a0Midi Libre ! Merci !\u00a0 Publi\u00e9 le 25\/10\/2019 \u00e0 02:16 Le 29 octobre, une soir\u00e9e &hellip; Read more \u00ab\u00a0On parle de nous :&hellip; <\/p><\/div>\n\n<a style=\"text-transform:uppercase; border-width:2px; padding-right:var(--wp--preset--spacing--x-small);padding-left:var(--wp--preset--spacing--x-small);padding-top:10px;padding-bottom:10px;\" class=\"wp-block-read-more has-text-color has-secondary-color has-border-color has-secondary-border-color\" href=\"https:\/\/beta.anadyomene.org\/en\/2019\/10\/25\/revue-de-presse-deuxieme-article-sur-lassociation-et-le-projet-mediterranee-terroir-divin-dans-le-midi-libre\/\" target=\"_self\">Read more<span class=\"screen-reader-text\">: On parle de nous : deuxi\u00e8me article sur l&rsquo;association et le projet \u00ab\u00a0M\u00e9diterran\u00e9e Terroir divin\u00a0\u00bb dans le Midi Libre!<\/span><\/a>\n<\/li><li class=\"wp-block-post post-2354 post type-post status-publish format-standard has-post-thumbnail hentry category-actualites\">\n<figure style=\"width:100%;height:240px; margin-bottom:var(--wp--preset--spacing--x-small);\" class=\"wp-block-post-featured-image\"><a href=\"https:\/\/beta.anadyomene.org\/en\/2019\/10\/12\/mediterranee-terroir-divin-saison-3-reportage-a-chypre\/\" target=\"_self\"  style=\"height:240px\"><img loading=\"lazy\" decoding=\"async\" width=\"787\" height=\"392\" src=\"https:\/\/beta.anadyomene.org\/wp-content\/uploads\/2019\/10\/Mise-en-avant_Mediterranee-terroir-divin-saison-3-Reportage-a-Chypre.jpeg\" class=\"attachment-post-thumbnail size-post-thumbnail wp-post-image\" alt=\"\u00ab\u00a0M\u00e9diterran\u00e9e, terroir divin\u00a0\u00bb saison 3 : Reportage \u00e0 Chypre\" style=\"border-radius:5px;height:240px;object-fit:cover;\" srcset=\"https:\/\/beta.anadyomene.org\/wp-content\/uploads\/2019\/10\/Mise-en-avant_Mediterranee-terroir-divin-saison-3-Reportage-a-Chypre.jpeg 787w, https:\/\/beta.anadyomene.org\/wp-content\/uploads\/2019\/10\/Mise-en-avant_Mediterranee-terroir-divin-saison-3-Reportage-a-Chypre-300x149.jpeg 300w, https:\/\/beta.anadyomene.org\/wp-content\/uploads\/2019\/10\/Mise-en-avant_Mediterranee-terroir-divin-saison-3-Reportage-a-Chypre-18x9.jpeg 18w, https:\/\/beta.anadyomene.org\/wp-content\/uploads\/2019\/10\/Mise-en-avant_Mediterranee-terroir-divin-saison-3-Reportage-a-Chypre-600x299.jpeg 600w\" sizes=\"auto, 100vw\" \/><\/a><\/figure>\n\n<div style=\"margin-top:0;margin-bottom:0;\" class=\"has-link-color wp-elements-81b22c36d1d8b884fcf13a99846b36c3 wp-block-post-date has-text-color has-tertiary-color\"><time datetime=\"2019-10-12T10:14:44+02:00\">12\/10\/2019<\/time><\/div>\n\n<h3 style=\"margin-top:0;margin-bottom:var(--wp--preset--spacing--x-small);\" class=\"has-link-color wp-elements-2e75b4e4fab489cf445e03eda13279d1 wp-block-post-title\"><a href=\"https:\/\/beta.anadyomene.org\/en\/2019\/10\/12\/mediterranee-terroir-divin-saison-3-reportage-a-chypre\/\" target=\"_self\" >\u00ab\u00a0M\u00e9diterran\u00e9e, terroir divin\u00a0\u00bb saison 3 : Reportage \u00e0 Chypre<\/a><\/h3>\n\n<div class=\"has-link-color wp-elements-61eeeb1d6c31f3761cb8bc35b6e1a095 wp-block-post-excerpt has-text-color has-tertiary-color\"><p class=\"wp-block-post-excerpt__excerpt\">&nbsp; Une semaine de reportage attend Claude Cruells, directeur de projet de notre association Anadyom\u00e8ne, et Rapha\u00ebl Colicci. 1h50, heure fran\u00e7aise : Claude et Rapha\u00ebl atterrissent \u00e0 l&rsquo;a\u00e9roport de Lanarka &hellip; Read more \u00ab\u00a0\u00ab\u00a0M\u00e9diterran\u00e9e, terroir divin\u00a0\u00bb saison 3&hellip; <\/p><\/div>\n\n<a style=\"text-transform:uppercase; border-width:2px; padding-right:var(--wp--preset--spacing--x-small);padding-left:var(--wp--preset--spacing--x-small);padding-top:10px;padding-bottom:10px;\" class=\"wp-block-read-more has-text-color has-secondary-color has-border-color has-secondary-border-color\" href=\"https:\/\/beta.anadyomene.org\/en\/2019\/10\/12\/mediterranee-terroir-divin-saison-3-reportage-a-chypre\/\" target=\"_self\">Read more<span class=\"screen-reader-text\">: \u00ab\u00a0M\u00e9diterran\u00e9e, terroir divin\u00a0\u00bb saison 3 : Reportage \u00e0 Chypre<\/span><\/a>\n<\/li><li class=\"wp-block-post post-2181 post type-post status-publish format-standard has-post-thumbnail hentry category-actualites\">\n<figure style=\"width:100%;height:240px; margin-bottom:var(--wp--preset--spacing--x-small);\" class=\"wp-block-post-featured-image\"><a href=\"https:\/\/beta.anadyomene.org\/en\/2019\/06\/12\/mediterranee-terroir-divin-reportage-en-croatie-peninsule-de-peljesac-textes-laurence-crinquant-photographies-claude-cruells\/\" target=\"_self\"  style=\"height:240px\"><img loading=\"lazy\" decoding=\"async\" width=\"1024\" height=\"683\" src=\"https:\/\/beta.anadyomene.org\/wp-content\/uploads\/2019\/06\/MTDi_Croatie-Presquile_Peljesac_Danjac\u00a9ClaudeCruells-6309-1024x683-1.jpg\" class=\"attachment-post-thumbnail size-post-thumbnail wp-post-image\" alt=\"\u00ab M\u00e9diterran\u00e9e, terroir divin \u00bb : Reportage en Croatie : P\u00e9ninsule de Pelje\u0161ac\" style=\"border-radius:5px;height:240px;object-fit:cover;\" srcset=\"https:\/\/beta.anadyomene.org\/wp-content\/uploads\/2019\/06\/MTDi_Croatie-Presquile_Peljesac_Danjac\u00a9ClaudeCruells-6309-1024x683-1.jpg 1024w, https:\/\/beta.anadyomene.org\/wp-content\/uploads\/2019\/06\/MTDi_Croatie-Presquile_Peljesac_Danjac\u00a9ClaudeCruells-6309-1024x683-1-300x200.jpg 300w, https:\/\/beta.anadyomene.org\/wp-content\/uploads\/2019\/06\/MTDi_Croatie-Presquile_Peljesac_Danjac\u00a9ClaudeCruells-6309-1024x683-1-18x12.jpg 18w, https:\/\/beta.anadyomene.org\/wp-content\/uploads\/2019\/06\/MTDi_Croatie-Presquile_Peljesac_Danjac\u00a9ClaudeCruells-6309-1024x683-1-600x400.jpg 600w\" sizes=\"auto, 100vw\" \/><\/a><\/figure>\n\n<div style=\"margin-top:0;margin-bottom:0;\" class=\"has-link-color wp-elements-81b22c36d1d8b884fcf13a99846b36c3 wp-block-post-date has-text-color has-tertiary-color\"><time datetime=\"2019-06-12T14:12:03+02:00\">12\/06\/2019<\/time><\/div>\n\n<h3 style=\"margin-top:0;margin-bottom:var(--wp--preset--spacing--x-small);\" class=\"has-link-color wp-elements-2e75b4e4fab489cf445e03eda13279d1 wp-block-post-title\"><a href=\"https:\/\/beta.anadyomene.org\/en\/2019\/06\/12\/mediterranee-terroir-divin-reportage-en-croatie-peninsule-de-peljesac-textes-laurence-crinquant-photographies-claude-cruells\/\" target=\"_self\" >\u00ab M\u00e9diterran\u00e9e, terroir divin \u00bb : Reportage en Croatie : P\u00e9ninsule de Pelje\u0161ac<\/a><\/h3>\n\n<div class=\"has-link-color wp-elements-61eeeb1d6c31f3761cb8bc35b6e1a095 wp-block-post-excerpt has-text-color has-tertiary-color\"><p class=\"wp-block-post-excerpt__excerpt\">&nbsp; &nbsp; Vendredi 24 mai. Km 2800 : Nous quittons la derni\u00e8re \u00eele croate de notre p\u00e9riple, Korcula, pour rejoindre la presqu&rsquo;\u00eele de&nbsp;Pelje\u0161ac&nbsp;et d\u00e9couvrir ses vignobles. D\u00e9sormais, nous ne comptons &hellip; Read more \u00ab\u00a0\u00ab M\u00e9diterran\u00e9e, terroir divin \u00bb&hellip; <\/p><\/div>\n\n<a style=\"text-transform:uppercase; border-width:2px; padding-right:var(--wp--preset--spacing--x-small);padding-left:var(--wp--preset--spacing--x-small);padding-top:10px;padding-bottom:10px;\" class=\"wp-block-read-more has-text-color has-secondary-color has-border-color has-secondary-border-color\" href=\"https:\/\/beta.anadyomene.org\/en\/2019\/06\/12\/mediterranee-terroir-divin-reportage-en-croatie-peninsule-de-peljesac-textes-laurence-crinquant-photographies-claude-cruells\/\" target=\"_self\">Read more<span class=\"screen-reader-text\">: \u00ab M\u00e9diterran\u00e9e, terroir divin \u00bb : Reportage en Croatie : P\u00e9ninsule de Pelje\u0161ac<\/span><\/a>\n<\/li><\/ul>\n\n\n<div style=\"height:53px\" aria-hidden=\"true\" class=\"wp-block-spacer\"><\/div>\n\n\n\n<div class=\"wp-block-buttons is-content-justification-center is-layout-flex wp-container-core-buttons-is-layout-a89b3969 wp-block-buttons-is-layout-flex\">\n<div class=\"wp-block-button\"><a class=\"wp-block-button__link has-secondary-background-color has-background wp-element-button\" href=\"https:\/\/beta.anadyomene.org\/en\/blog-2\/\">More articles<\/a><\/div>\n<\/div>\n<\/div>\n<\/div>\n\n\n\n<div style=\"height:100px\" aria-hidden=\"true\" class=\"wp-block-spacer\"><\/div>\n\n\n\n<div class=\"wp-block-cover alignfull has-parallax is-position-center-center\" style=\"border-radius:0px;min-height:680px;aspect-ratio:unset;\"><div class=\"wp-block-cover__image-background wp-image-2628 size-full has-parallax\" style=\"background-position:50% 50%;background-image:url(https:\/\/beta.anadyomene.org\/wp-content\/uploads\/2026\/01\/Bandeau_Version-1.jpg)\"><\/div><span aria-hidden=\"true\" class=\"wp-block-cover__background has-black-background-color has-background-dim-40 has-background-dim\"><\/span><div class=\"wp-block-cover__inner-container is-layout-flow wp-block-cover-is-layout-flow\">\n<div class=\"wp-block-group has-global-padding is-layout-constrained wp-block-group-is-layout-constrained\">\n<h3 class=\"wp-block-heading has-text-align-center has-text-color has-large-font-size\" style=\"color:#fffffa;text-transform:uppercase\">Do you feel concerned by our actions? Join us!<\/h3>\n\n\n\n<div style=\"height:10px\" aria-hidden=\"true\" class=\"wp-block-spacer\"><\/div>\n\n\n\n<p class=\"has-text-align-center has-white-color has-text-color has-medium-font-size\">Vous \u00eates chef d&rsquo;entreprise et souhaitez mener des actions RSE aupr\u00e8s de vos collaborateurs ? Vous pr\u00f4nez la transmission de la connaissance et la pr\u00e9servation des cultures ancestrales de la M\u00e9diterran\u00e9e ? Rejoignez nos m\u00e9c\u00e8nes et partenaires et accompagnez-nous sur notre projet M\u00e9diterran\u00e9e terroir divin !<\/p>\n\n\n\n<div style=\"height:10px\" aria-hidden=\"true\" class=\"wp-block-spacer\"><\/div>\n\n\n\n<p class=\"has-text-align-center has-white-color has-text-color has-medium-font-size\">Vous \u00eates animateur, infographiste, charg\u00e9 de relations presse, ing\u00e9nieur son ou sp\u00e9cialis\u00e9 en recherche de m\u00e9c\u00e9nat ? Ou vous avez simplement envie de soutenir Anadyom\u00e8ne en rejoignant notre communaut\u00e9 ?<\/p>\n\n\n\n<div style=\"height:31px\" aria-hidden=\"true\" class=\"wp-block-spacer\"><\/div>\n\n\n\n<div class=\"wp-block-buttons is-horizontal is-content-justification-center is-layout-flex wp-container-core-buttons-is-layout-03627597 wp-block-buttons-is-layout-flex\">\n<div class=\"wp-block-button is-style-outline is-style-outline--1\"><a class=\"wp-block-button__link has-white-color has-text-color wp-element-button\" href=\"https:\/\/beta.anadyomene.org\/en\/contact-4\/\" style=\"border-radius:0px\">Contact us!<\/a><\/div>\n<\/div>\n<\/div>\n<\/div><\/div>","protected":false},"excerpt":{"rendered":"<p>Anadyom\u00e8ne s&rsquo;engage pour une meilleure connaissance de nos cultures ancestrales que sont la vigne et l&rsquo;olivier. Notre dernier ouvrage Oliviers mill\u00e9nairesLes Gardiens de la M\u00e9diterran\u00e9e Apr\u00e8s neuf ans de reportage &hellip; <\/p>\n<p class=\"link-more\"><a href=\"https:\/\/beta.anadyomene.org\/en\/\" class=\"more-link\">Read more<span class=\"screen-reader-text\"> \u00ab\u00a0Homepage\u00a0\u00bb<\/span><\/a><\/p>","protected":false},"author":2,"featured_media":0,"parent":0,"menu_order":0,"comment_status":"closed","ping_status":"closed","template":"page-templates\/homepage-builder-bb.php","meta":{"footnotes":""},"class_list":["post-16","page","type-page","status-publish","hentry"],"featured_media_urls":[],"_links":{"self":[{"href":"https:\/\/beta.anadyomene.org\/en\/wp-json\/wp\/v2\/pages\/16","targetHints":{"allow":["GET"]}}],"collection":[{"href":"https:\/\/beta.anadyomene.org\/en\/wp-json\/wp\/v2\/pages"}],"about":[{"href":"https:\/\/beta.anadyomene.org\/en\/wp-json\/wp\/v2\/types\/page"}],"author":[{"embeddable":true,"href":"https:\/\/beta.anadyomene.org\/en\/wp-json\/wp\/v2\/users\/2"}],"replies":[{"embeddable":true,"href":"https:\/\/beta.anadyomene.org\/en\/wp-json\/wp\/v2\/comments?post=16"}],"version-history":[{"count":70,"href":"https:\/\/beta.anadyomene.org\/en\/wp-json\/wp\/v2\/pages\/16\/revisions"}],"predecessor-version":[{"id":3244,"href":"https:\/\/beta.anadyomene.org\/en\/wp-json\/wp\/v2\/pages\/16\/revisions\/3244"}],"wp:attachment":[{"href":"https:\/\/beta.anadyomene.org\/en\/wp-json\/wp\/v2\/media?parent=16"}],"curies":[{"name":"wp","href":"https:\/\/api.w.org\/{rel}","templated":true}]}}