{"id":2528,"date":"2026-01-08T14:37:30","date_gmt":"2026-01-08T13:37:30","guid":{"rendered":"https:\/\/beta.anadyomene.org\/?page_id=2528"},"modified":"2026-03-05T10:41:10","modified_gmt":"2026-03-05T09:41:10","slug":"nos-ambassadeurs","status":"publish","type":"page","link":"https:\/\/beta.anadyomene.org\/en\/nos-ambassadeurs\/","title":{"rendered":"Our ambassadors"},"content":{"rendered":"<p>Actuellement en pleine construction, notre r\u00e9seau d&rsquo;ambassadeurs Anadyom\u00e8ne nous aide \u00e0 d\u00e9velopper notre activit\u00e9 dans leurs pays respectifs.<\/p>\n\n\n\n<div class=\"wp-block-columns is-layout-flex wp-container-core-columns-is-layout-28f84493 wp-block-columns-is-layout-flex\">\n<div class=\"wp-block-column is-layout-flow wp-block-column-is-layout-flow\">\n<figure class=\"wp-block-image size-large\"><img loading=\"lazy\" decoding=\"async\" width=\"1024\" height=\"683\" src=\"https:\/\/beta.anadyomene.org\/wp-content\/uploads\/2026\/01\/Nos-ambassadeurs_Maria-Teresa-Adell-1-1024x683.jpg\" alt=\"\" class=\"wp-image-2609\" srcset=\"https:\/\/beta.anadyomene.org\/wp-content\/uploads\/2026\/01\/Nos-ambassadeurs_Maria-Teresa-Adell-1-1024x683.jpg 1024w, https:\/\/beta.anadyomene.org\/wp-content\/uploads\/2026\/01\/Nos-ambassadeurs_Maria-Teresa-Adell-1-300x200.jpg 300w, https:\/\/beta.anadyomene.org\/wp-content\/uploads\/2026\/01\/Nos-ambassadeurs_Maria-Teresa-Adell-1-600x400.jpg 600w, https:\/\/beta.anadyomene.org\/wp-content\/uploads\/2026\/01\/Nos-ambassadeurs_Maria-Teresa-Adell-1-18x12.jpg 18w, https:\/\/beta.anadyomene.org\/wp-content\/uploads\/2026\/01\/Nos-ambassadeurs_Maria-Teresa-Adell-1.jpg 1080w\" sizes=\"auto, (max-width: 1024px) 100vw, 1024px\" \/><\/figure>\n\n\n\n<h2 class=\"wp-block-heading\">Maria Teresa Adell<\/h2>\n\n\n\n<p><em>Espagne<\/em><\/p>\n\n\n\n<p>Maria Teresa Adell, dite Tere, est l\u2019Ambassadrice espagnole d\u2019Anadyom\u00e8ne et l\u2019une des grandes figures de la sauvegarde des oliviers mill\u00e9naires du territoire Senia en Espagne.<br><br>Depuis 2005, elle se bat pour prot\u00e9ger ces arbres menac\u00e9s d\u2019abandon ou d\u2019arrachage, porteurs de m\u00e9moire et d\u2019identit\u00e9. Fondatrice de la communaut\u00e9 Taula del S\u00e9nia, qui f\u00e9d\u00e8re 27 communes entre Valence, Catalogne et Aragon, elle impulse un vaste mouvement de protection et de recensement.<br><br>Gr\u00e2ce \u00e0 son action, plus de 7 000 oliviers mill\u00e9naires ont \u00e9t\u00e9 identifi\u00e9s et prot\u00e9g\u00e9s, faisant du territoire Senia la plus grande concentration d\u2019oliviers anciens au monde. Son engagement a conduit \u00e0 une reconnaissance nationale et internationale, jusqu\u2019au classement du syst\u00e8me agricole du S\u00e9nia par la FAO.<br><br>\u00c0 travers la transmission, l\u2019\u00e9ducation et une ol\u00e9iculture respectueuse, Tere redonne aux habitants la fiert\u00e9 d\u2019un patrimoine vivant. Son combat l\u2019inscrit comme l\u2019une des grandes gardiennes des paysages m\u00e9diterran\u00e9ens et une ambassadrice naturelle et engag\u00e9e des valeurs d\u2019Anadyom\u00e8ne.<\/p>\n<\/div>\n\n\n\n<div class=\"wp-block-column is-layout-flow wp-block-column-is-layout-flow\" style=\"flex-basis:50px\"><\/div>\n\n\n\n<div class=\"wp-block-column is-layout-flow wp-block-column-is-layout-flow\">\n<figure class=\"wp-block-image size-large\"><img loading=\"lazy\" decoding=\"async\" width=\"1024\" height=\"683\" src=\"https:\/\/beta.anadyomene.org\/wp-content\/uploads\/2026\/01\/Nos-amabssadeurs_Flavio-Lenardon-1024x683.jpg\" alt=\"\" class=\"wp-image-2610\" srcset=\"https:\/\/beta.anadyomene.org\/wp-content\/uploads\/2026\/01\/Nos-amabssadeurs_Flavio-Lenardon-1024x683.jpg 1024w, https:\/\/beta.anadyomene.org\/wp-content\/uploads\/2026\/01\/Nos-amabssadeurs_Flavio-Lenardon-300x200.jpg 300w, https:\/\/beta.anadyomene.org\/wp-content\/uploads\/2026\/01\/Nos-amabssadeurs_Flavio-Lenardon-600x400.jpg 600w, https:\/\/beta.anadyomene.org\/wp-content\/uploads\/2026\/01\/Nos-amabssadeurs_Flavio-Lenardon-18x12.jpg 18w, https:\/\/beta.anadyomene.org\/wp-content\/uploads\/2026\/01\/Nos-amabssadeurs_Flavio-Lenardon.jpg 1080w\" sizes=\"auto, (max-width: 1024px) 100vw, 1024px\" \/><\/figure>\n\n\n\n<h2 class=\"wp-block-heading\">Flavio Lenardon<\/h2>\n\n\n\n<p><em>Italie<\/em><\/p>\n\n\n\n<p>Flavio Lenardon est l\u2019Ambassadeur italien d\u2019Anadyom\u00e8ne et l\u2019une des grandes figures de la sauvegarde des oliveraies h\u00e9ro\u00efques de Ligurie.<br>S\u00e9lectionneur de mati\u00e8res premi\u00e8res d\u2019excellence, il consacre son engagement \u00e0 la pr\u00e9servation de l\u2019ol\u00e9iculture d\u2019altitude, menac\u00e9e par l\u2019abandon et l\u2019exode rural.<br><br>Dans les montagnes ligures, \u00e0 plus de 300 m\u00e8tres d\u2019altitude, il \u0153uvre \u00e0 la restauration des oliviveraies et des murets en pierres s\u00e8ches, essentiels \u00e0 l\u2019\u00e9quilibre des paysages et \u00e0 la gestion de l\u2019eau.<br><br>Fondateur du mouvement culturel TreeDream, il d\u00e9fend une vision profond\u00e9ment humaniste et holistique du lien entre l\u2019homme, l\u2019arbre et la nature.<br><br>\u00c0 travers ses actions, il sensibilise, f\u00e9d\u00e8re et transmet, convaincu que prot\u00e9ger les oliviers aujourd\u2019hui, c\u2019est pr\u00e9server l\u2019avenir.<\/p>\n\n\n\n<p>Son parcours, \u00e0 la crois\u00e9e de la tradition et de l\u2019innovation, fait de lui un gardien engag\u00e9 du patrimoine m\u00e9diterran\u00e9en et un Ambassadeur naturel des valeurs port\u00e9es par Anadyom\u00e8ne.<\/p>\n<\/div>\n<\/div>\n\n\n\n<div style=\"height:100px\" aria-hidden=\"true\" class=\"wp-block-spacer\"><\/div>","protected":false},"excerpt":{"rendered":"<p>Actuellement en pleine construction, notre r\u00e9seau d&rsquo;ambassadeurs Anadyom\u00e8ne nous aide \u00e0 d\u00e9velopper notre activit\u00e9 dans leurs pays respectifs. Maria Teresa Adell Espagne Maria Teresa Adell, dite Tere, est l\u2019Ambassadrice espagnole &hellip; <\/p>\n<p class=\"link-more\"><a href=\"https:\/\/beta.anadyomene.org\/en\/nos-ambassadeurs\/\" class=\"more-link\">Read more<span class=\"screen-reader-text\"> \u00ab\u00a0Nos ambassadeurs\u00a0\u00bb<\/span><\/a><\/p>","protected":false},"author":2,"featured_media":0,"parent":0,"menu_order":0,"comment_status":"closed","ping_status":"closed","template":"","meta":{"footnotes":""},"class_list":["post-2528","page","type-page","status-publish","hentry"],"featured_media_urls":[],"_links":{"self":[{"href":"https:\/\/beta.anadyomene.org\/en\/wp-json\/wp\/v2\/pages\/2528","targetHints":{"allow":["GET"]}}],"collection":[{"href":"https:\/\/beta.anadyomene.org\/en\/wp-json\/wp\/v2\/pages"}],"about":[{"href":"https:\/\/beta.anadyomene.org\/en\/wp-json\/wp\/v2\/types\/page"}],"author":[{"embeddable":true,"href":"https:\/\/beta.anadyomene.org\/en\/wp-json\/wp\/v2\/users\/2"}],"replies":[{"embeddable":true,"href":"https:\/\/beta.anadyomene.org\/en\/wp-json\/wp\/v2\/comments?post=2528"}],"version-history":[{"count":8,"href":"https:\/\/beta.anadyomene.org\/en\/wp-json\/wp\/v2\/pages\/2528\/revisions"}],"predecessor-version":[{"id":3149,"href":"https:\/\/beta.anadyomene.org\/en\/wp-json\/wp\/v2\/pages\/2528\/revisions\/3149"}],"wp:attachment":[{"href":"https:\/\/beta.anadyomene.org\/en\/wp-json\/wp\/v2\/media?parent=2528"}],"curies":[{"name":"wp","href":"https:\/\/api.w.org\/{rel}","templated":true}]}}