{"id":299,"date":"2026-01-04T19:04:37","date_gmt":"2026-01-04T18:04:37","guid":{"rendered":"https:\/\/beta.anadyomene.org\/?page_id=299"},"modified":"2026-01-08T14:54:13","modified_gmt":"2026-01-08T13:54:13","slug":"bon-de-commande-oliviers-millenaires-les-gardiens-de-la-mediterranee","status":"publish","type":"page","link":"https:\/\/beta.anadyomene.org\/en\/bon-de-commande-oliviers-millenaires-les-gardiens-de-la-mediterranee\/","title":{"rendered":"Bon de commande &#8211; Ouvrage \u00ab\u00a0Oliviers mill\u00e9naires, Les Gardiens de la M\u00e9diterran\u00e9e\u00a0\u00bb"},"content":{"rendered":"<p><em>Pour passer commande et recevoir notre ouvrage directement dans votre bo\u00eete \u00e0 lettres, veuillez remplir le formulaire ci-dessous. <\/em><\/p>\n\n\n\n<div style=\"height:56px\" aria-hidden=\"true\" class=\"wp-block-spacer\"><\/div>\n\n\n<style>#wpzf-157 input:not([type=\"submit\"]), #wpzf-157 textarea { color: #58633b; }#wpzf-157 + .notice { margin-top: 20px; padding: 15px; border-radius: 4px; }#wpzf-157 + .notice.success { background-color: #e7f7ed; color: #227045; border-left: 4px solid #46b450; }#wpzf-157 + .notice.error { background-color: #fde8e8; color: #8a1f11; border-left: 4px solid #cc0000; }#wpzf-157 + .notice p { margin: 0; }#wpzf-157-notice { scroll-margin-top: 24px; }<\/style><!-- ZOOM Forms Start -->\n\t\t\t<form id=\"wpzf-157\" method=\"post\" action=\"https:\/\/beta.anadyomene.org\/wp-admin\/admin-post.php\" class=\"wpzoom-forms_form\">\n\t\t\t<input type=\"hidden\" name=\"action\" value=\"wpzf_submit\" \/>\n\t\t\t<input type=\"hidden\" name=\"form_id\" value=\"157\" \/>\n\t\t\t<input type=\"hidden\" id=\"_wpnonce\" name=\"_wpnonce\" value=\"549649269c\" \/><input type=\"hidden\" name=\"_wp_http_referer\" value=\"\/en\/wp-json\/wp\/v2\/pages\/299\" \/>\n\t\t\t\n<div class=\"wp-block-wpzoom-forms-form\">\n<div class=\"wp-block-group is-layout-flow wp-block-group-is-layout-flow\">\n<div class=\"wp-block-columns is-layout-flex wp-container-core-columns-is-layout-28f84493 wp-block-columns-is-layout-flex\"><\/div>\n\n\n\n<div class=\"wp-block-columns are-vertically-aligned-center is-layout-flex wp-container-core-columns-is-layout-28f84493 wp-block-columns-is-layout-flex\">\n<div class=\"wp-block-column is-vertically-aligned-center is-layout-flow wp-block-column-is-layout-flow\" style=\"flex-basis:30%\">\n<input type=\"submit\" id=\"input_submit\" value=\"Envoyer\" class=\"wp-block-wpzoom-forms-submit-field\"\/>\n<\/div>\n\n\n\n<div class=\"wp-block-column is-vertically-aligned-center is-layout-flow wp-block-column-is-layout-flow\" style=\"flex-basis:70%\">\n<p class=\"has-text-align-right\" style=\"font-size:clamp(14px, 0.875rem + ((1vw - 3.2px) * 0.177), 16px);px\">Champs marqu\u00e9s d&rsquo;une <strong class=\"has-accent-color has-text-color\">*<\/strong> obligatoires.<\/p>\n<\/div>\n<\/div>\n<\/div>\n<\/div>\n\n\n\n<p><\/p>\n\n\t\t\t<\/form>\n\t\t\t\n\t\t\t<!-- ZOOM Forms End -->\n\n\n<div style=\"height:56px\" aria-hidden=\"true\" class=\"wp-block-spacer\"><\/div>","protected":false},"excerpt":{"rendered":"<p>Pour passer commande et recevoir notre ouvrage directement dans votre bo\u00eete \u00e0 lettres, veuillez remplir le formulaire ci-dessous.<\/p>","protected":false},"author":2,"featured_media":0,"parent":0,"menu_order":0,"comment_status":"closed","ping_status":"closed","template":"","meta":{"footnotes":""},"class_list":["post-299","page","type-page","status-publish","hentry"],"featured_media_urls":[],"_links":{"self":[{"href":"https:\/\/beta.anadyomene.org\/en\/wp-json\/wp\/v2\/pages\/299","targetHints":{"allow":["GET"]}}],"collection":[{"href":"https:\/\/beta.anadyomene.org\/en\/wp-json\/wp\/v2\/pages"}],"about":[{"href":"https:\/\/beta.anadyomene.org\/en\/wp-json\/wp\/v2\/types\/page"}],"author":[{"embeddable":true,"href":"https:\/\/beta.anadyomene.org\/en\/wp-json\/wp\/v2\/users\/2"}],"replies":[{"embeddable":true,"href":"https:\/\/beta.anadyomene.org\/en\/wp-json\/wp\/v2\/comments?post=299"}],"version-history":[{"count":8,"href":"https:\/\/beta.anadyomene.org\/en\/wp-json\/wp\/v2\/pages\/299\/revisions"}],"predecessor-version":[{"id":2545,"href":"https:\/\/beta.anadyomene.org\/en\/wp-json\/wp\/v2\/pages\/299\/revisions\/2545"}],"wp:attachment":[{"href":"https:\/\/beta.anadyomene.org\/en\/wp-json\/wp\/v2\/media?parent=299"}],"curies":[{"name":"wp","href":"https:\/\/api.w.org\/{rel}","templated":true}]}}