{"id":54,"date":"2025-12-05T15:34:56","date_gmt":"2025-12-05T14:34:56","guid":{"rendered":"https:\/\/beta.anadyomene.org\/?page_id=54"},"modified":"2026-02-19T12:15:19","modified_gmt":"2026-02-19T11:15:19","slug":"le-comite-dethique","status":"publish","type":"page","link":"https:\/\/beta.anadyomene.org\/en\/le-comite-dethique\/","title":{"rendered":"Notre comit\u00e9 d&rsquo;\u00e9thique"},"content":{"rendered":"<p><em>Un comit\u00e9 d\u2019\u00e9thique veille \u00e0 la pertinence des choix de paysages et de t\u00e9moignages, et, au-del\u00e0 de leurs ressources scientifiques et empiriques, \u00e0 la validit\u00e9 des sources d\u2019information. Voici les acteurs de ce p\u00f4le d\u2019experts :<\/em><\/p>\n\n\n\n<div class=\"wp-block-columns is-layout-flex wp-container-core-columns-is-layout-28f84493 wp-block-columns-is-layout-flex\">\n<div class=\"wp-block-column is-layout-flow wp-block-column-is-layout-flow\">\n<figure class=\"wp-block-image size-large\"><img loading=\"lazy\" decoding=\"async\" width=\"681\" height=\"1024\" src=\"https:\/\/beta.anadyomene.org\/wp-content\/uploads\/2026\/02\/Pierre-RHABI-681x1024.jpg\" alt=\"\" class=\"wp-image-3092\" style=\"aspect-ratio:3\/4;object-fit:cover\" srcset=\"https:\/\/beta.anadyomene.org\/wp-content\/uploads\/2026\/02\/Pierre-RHABI-681x1024.jpg 681w, https:\/\/beta.anadyomene.org\/wp-content\/uploads\/2026\/02\/Pierre-RHABI-200x300.jpg 200w, https:\/\/beta.anadyomene.org\/wp-content\/uploads\/2026\/02\/Pierre-RHABI-8x12.jpg 8w, https:\/\/beta.anadyomene.org\/wp-content\/uploads\/2026\/02\/Pierre-RHABI.jpg 1064w\" sizes=\"auto, (max-width: 681px) 100vw, 681px\" \/><\/figure>\n\n\n\n<h2 class=\"wp-block-heading\">Pierre RABHI <\/h2>\n\n\n\n<p style=\"font-style:normal;font-weight:300\">Paysan-Philosophe, Pr\u00e9sident du Comit\u00e9 d\u2019Ethique<\/p>\n\n\n\n<p><em>29\/05\/1938 &#8211; 04\/12\/2021 <\/em><\/p>\n\n\n\n<p><em>Pierre Rabhi a accompagn\u00e9 Anadyom\u00e8ne en tant que pr\u00e9sident de notre comit\u00e9 d\u2019\u00e9thique jusqu\u2019\u00e0 son d\u00e9c\u00e8s en 2021. Paysan-philosophe, penseur de la sobri\u00e9t\u00e9 heureuse et du lien entre l\u2019humain et le vivant, il a profond\u00e9ment inspir\u00e9 notre d\u00e9marche. Son regard, sa sagesse et son engagement continuent d\u2019\u00e9clairer nos actions.<\/em><br><br>Paysan, \u00e9crivain et penseur fran\u00e7ais d\u2019origine alg\u00e9rienne, Pierre Rabhi est l\u2019un des pionniers de l\u2019agriculture \u00e9cologique en France. Il d\u00e9fend un mode de soci\u00e9t\u00e9 plus respectueux des hommes et de la terre et soutient le d\u00e9veloppement de pratiques agricoles accessibles \u00e0 tous et notamment aux plus d\u00e9munis, tout en pr\u00e9servant les patrimoines nourriciers.<br><br>Depuis 1981, il transmet son savoir-faire en Afrique, en France et en Europe, cherchant \u00e0 redonner leur autonomie alimentaire aux populations. Il est aujourd\u2019hui reconnu Expert international pour la s\u00e9curit\u00e9 alimentaire et a particip\u00e9 \u00e0 l\u2019\u00e9laboration de la Convention des Nations Unies pour la lutte contre la d\u00e9sertification.<br><br>Pierre Rabhi appelle \u00e0 \u00ab&nbsp;l\u2019insurrection des consciences&nbsp;\u00bb pour f\u00e9d\u00e9rer ce que l\u2019humanit\u00e9 a de meilleur et cesser de faire de notre plan\u00e8te-paradis un enfer de souffrances et de destructions. Devant l\u2019\u00e9chec de la condition g\u00e9n\u00e9rale de l\u2019humanit\u00e9 et les dommages consid\u00e9rables inflig\u00e9s \u00e0 la Nature, il nous invite \u00e0 sortir du mythe de la croissance infinie, \u00e0 r\u00e9aliser l\u2019importance vitale de notre terre nourrici\u00e8re et \u00e0 inaugurer une nouvelle \u00e9thique de vie vers une \u00ab&nbsp;sobri\u00e9t\u00e9 heureuse&nbsp;\u00bb.<\/p>\n\n\n\n<p>Pierre Rabhi a \u00e9t\u00e9 \u00e0 l\u2019origine de nombreuses structures, n\u00e9es de sa propre initiative ou de ses id\u00e9es : ainsi l\u2019association Terre &amp; Humanisme (d\u2019abord appel\u00e9e \u201cLes Amis de Pierre Rabhi\u201d), le Mouvement des Oasis en Tous Lieux, le centre agro\u00e9cologique Les Amanins, la Ferme des enfants-Hameau des Buis et plus r\u00e9cemment le Mouvement Colibris. Il est sollicit\u00e9 pour de nombreuses conf\u00e9rences dans le monde, et a publi\u00e9 plus d\u2019une vingtaine d\u2019ouvrages dont \u00ab&nbsp;Vers la sobri\u00e9t\u00e9 heureuse&nbsp;\u00bb, \u00ab&nbsp;Pierre Rabhi, semeur d\u2019espoirs \u2013 entretien avec Olivier Le Naire&nbsp;\u00bb ou encore \u00ab&nbsp;L\u2019Agro\u00e9cologie, une \u00e9thique de vie&nbsp;\u00bb (Actes Sud) et \u00ab&nbsp;La puissance de la mod\u00e9ration&nbsp;\u00bb (\u00c9ditions Hozhoni)..<\/p>\n<\/div>\n\n\n\n<div class=\"wp-block-column is-layout-flow wp-block-column-is-layout-flow\" style=\"flex-basis:150px\"><\/div>\n\n\n\n<div class=\"wp-block-column is-layout-flow wp-block-column-is-layout-flow\">\n<figure class=\"wp-block-image size-large\"><img loading=\"lazy\" decoding=\"async\" width=\"768\" height=\"1024\" src=\"https:\/\/beta.anadyomene.org\/wp-content\/uploads\/2025\/12\/Raphael-Colicci-2-edited-768x1024.jpg\" alt=\"\" class=\"wp-image-200\" style=\"aspect-ratio:3\/4;object-fit:cover\" srcset=\"https:\/\/beta.anadyomene.org\/wp-content\/uploads\/2025\/12\/Raphael-Colicci-2-edited-768x1024.jpg 768w, https:\/\/beta.anadyomene.org\/wp-content\/uploads\/2025\/12\/Raphael-Colicci-2-edited-225x300.jpg 225w, https:\/\/beta.anadyomene.org\/wp-content\/uploads\/2025\/12\/Raphael-Colicci-2-edited-9x12.jpg 9w, https:\/\/beta.anadyomene.org\/wp-content\/uploads\/2025\/12\/Raphael-Colicci-2-edited.jpg 1914w\" sizes=\"auto, (max-width: 768px) 100vw, 768px\" \/><\/figure>\n\n\n\n<h2 class=\"wp-block-heading\">Rapha\u00ebl COLICCI<\/h2>\n\n\n\n<p style=\"font-style:normal;font-weight:300\">Th\u00e9rapeute-Ol\u00e9iculteur<\/p>\n\n\n\n<p>D\u00e8s l\u2019\u00e2ge de 15 ans, Rapha\u00ebl Colicci s\u2019engage dans la d\u00e9fense des m\u00e9decines douces et de la biodiversit\u00e9 agricole. Ces deux passions vont \u00eatre le moteur de toutes ses activit\u00e9s pendant 50 ans.<br><br><strong>1974 :<\/strong> Jeune kin\u00e9sith\u00e9rapeute, il participe \u00e0 la cr\u00e9ation du premier h\u00f4pital de m\u00e9decine alternative \u00e0 Londres avec le m\u00e9decin de la reine. D\u00e9sormais, le fil conducteur de ses diff\u00e9rents postes sera l\u2019innovation et la reconnexion du patient avec la nature (Croix Rouge Fran\u00e7aise, Institut M\u00e9dico-Educatif, Thalasso,)<br><br><strong>1998 :<\/strong> Cr\u00e9ation des oliveraies et des conservatoires des fruitiers anciens.<br><br><strong>2000 : <\/strong>Pr\u00e9sident et Directeur de coop\u00e9rative d\u2019olives, ol\u00e9iculteur.<br><br><strong>2005 : <\/strong>D\u00e9but du projet de la ferme qui soigne avec Oleatherm, premier centre d\u2019ol\u00e9oth\u00e9rapie .<br><br><strong>2014 :<\/strong> Prix de la TPE<br><br><strong>2016 :<\/strong> Prix de l\u2019innovation<br><br><strong>2017 : <\/strong>Prix des vainqueurs<br><br>Rapha\u00ebl est impliqu\u00e9 dans plusieurs associations ol\u00e9icoles et de sauvegarde de la biodiversit\u00e9 fruiti\u00e8re. D\u00e9veloppeur de nouvelles fili\u00e8res agricoles en vue de cr\u00e9er de nouveau alicaments.<\/p>\n<\/div>\n<\/div>\n\n\n\n<div style=\"height:100px\" aria-hidden=\"true\" class=\"wp-block-spacer\"><\/div>\n\n\n\n<p><\/p>","protected":false},"excerpt":{"rendered":"<p>Un comit\u00e9 d\u2019\u00e9thique veille \u00e0 la pertinence des choix de paysages et de t\u00e9moignages, et, au-del\u00e0 de leurs ressources scientifiques et empiriques, \u00e0 la validit\u00e9 des sources d\u2019information. Voici les &hellip; <\/p>\n<p class=\"link-more\"><a href=\"https:\/\/beta.anadyomene.org\/en\/le-comite-dethique\/\" class=\"more-link\">Read more<span class=\"screen-reader-text\"> \u00ab\u00a0Notre comit\u00e9 d&rsquo;\u00e9thique\u00a0\u00bb<\/span><\/a><\/p>","protected":false},"author":2,"featured_media":0,"parent":0,"menu_order":0,"comment_status":"closed","ping_status":"closed","template":"","meta":{"footnotes":""},"class_list":["post-54","page","type-page","status-publish","hentry"],"featured_media_urls":[],"_links":{"self":[{"href":"https:\/\/beta.anadyomene.org\/en\/wp-json\/wp\/v2\/pages\/54","targetHints":{"allow":["GET"]}}],"collection":[{"href":"https:\/\/beta.anadyomene.org\/en\/wp-json\/wp\/v2\/pages"}],"about":[{"href":"https:\/\/beta.anadyomene.org\/en\/wp-json\/wp\/v2\/types\/page"}],"author":[{"embeddable":true,"href":"https:\/\/beta.anadyomene.org\/en\/wp-json\/wp\/v2\/users\/2"}],"replies":[{"embeddable":true,"href":"https:\/\/beta.anadyomene.org\/en\/wp-json\/wp\/v2\/comments?post=54"}],"version-history":[{"count":33,"href":"https:\/\/beta.anadyomene.org\/en\/wp-json\/wp\/v2\/pages\/54\/revisions"}],"predecessor-version":[{"id":3130,"href":"https:\/\/beta.anadyomene.org\/en\/wp-json\/wp\/v2\/pages\/54\/revisions\/3130"}],"wp:attachment":[{"href":"https:\/\/beta.anadyomene.org\/en\/wp-json\/wp\/v2\/media?parent=54"}],"curies":[{"name":"wp","href":"https:\/\/api.w.org\/{rel}","templated":true}]}}