{"id":56,"date":"2025-12-05T15:35:09","date_gmt":"2025-12-05T14:35:09","guid":{"rendered":"https:\/\/beta.anadyomene.org\/?page_id=56"},"modified":"2026-01-29T18:27:33","modified_gmt":"2026-01-29T17:27:33","slug":"nos-partenaires","status":"publish","type":"page","link":"https:\/\/beta.anadyomene.org\/en\/nos-partenaires\/","title":{"rendered":"Our sponsors and partners"},"content":{"rendered":"<p>Notre parcours est le fruit d&rsquo;un long chemin partag\u00e9. A l&rsquo;image des racines profondes des oliviers, les partenaires de <em>\u00abM\u00e9diterran\u00e9e terroir divin\u00bb<\/em> ont port\u00e9 ce projet avec g\u00e9n\u00e9rosit\u00e9 et constance. L&rsquo;association Anadyom\u00e8ne leur adresse ses remerciements les plus sinc\u00e8res pour avoir accompagn\u00e9 cette aventure humaine autour de la M\u00e9diterran\u00e9e. <\/p>\n\n\n<style id=\"sp_lcp_dynamic_css217\">div#logo-carousel-free-217.logo-carousel-free .sp-lc-logo{border: 1px solid #dddddd;border-radius: 0px;overflow: hidden;}div#logo-carousel-free-217.logo-carousel-free .sp-lc-logo:hover{border-color: #16a08b;}@media only screen and (max-width: 576px) {#logo-carousel-free-217.sp-lc-container .sp-lc-button-prev,#logo-carousel-free-217.sp-lc-container .sp-lc-button-next {display: none;}#logo-carousel-free-217.sp-lc-container .sp-lc-pagination .swiper-pagination-bullet {display: none;}} .logo-carousel-free-area#logo-carousel-free-217{position: relative;}#lcp-preloader-217{position: absolute;left: 0;top: 0;height: 100%;width: 100%;text-align: center;display: flex;align-items: center;justify-content: center;background: #fff;z-index: 9999;} .logo-carousel-free-area#logo-carousel-free-217 .sp-logo-carousel-section-title{margin-bottom: 30px;}#logo-carousel-free-217 .sp-lc-grid-container { justify-content: left; align-items: center; } #logo-carousel-free-217 .swiper-wrapper .swiper-slide { align-self: center; }#logo-carousel-free-217 .sp-lc-grid-container {margin-left: -4px;margin-right: -4px;width: calc( 100% + 8px);}#logo-carousel-free-217 .sp-lc-grid-container [class*=\"lc-col\"] {padding-left: 4px;padding-right: 4px;padding-bottom: 8px;}@media screen and (min-width: 1200px ){.logo-carousel-free-area#logo-carousel-free-217 .sp-logo-carousel:not([class*=\"-initialized\"]) > .swiper-wrapper {display: flex;width: calc( 100% + 8px );}.logo-carousel-free-area#logo-carousel-free-217 .sp-logo-carousel:not([class*=\"-initialized\"]) > .swiper-wrapper > .swiper-slide {width: 20%;padding-right: 8px;}}<\/style>\n<div id='logo-carousel-free-217' class=\"logo-carousel-free logo-carousel-free-area sp-lc-container\">\n\t\t\t<div id=\"lcp-preloader-217\" class=\"sp-logo-carousel-preloader\"><img decoding=\"async\" src=\"https:\/\/beta.anadyomene.org\/wp-content\/plugins\/logo-carousel-free\/admin\/assets\/images\/spinner.svg\" class=\"skip-lazy\" alt=\"Loader Image\"\/><\/div>\n\t\t\t<div id=\"sp-logo-carousel-id-217\" class=\"swiper-container sp-logo-carousel  lcp-preloader\" dir=\"ltr\" data-carousel='{ \"speed\":800,\"spaceBetween\": 8, \"autoplay\": true, \"infinite\":true, \"autoplay_speed\": 300, \"stop_onHover\": true, \"pagination\": false, \"navigation\": false, \"MobileNav\": false, \"MobilePagi\": false, \"simulateTouch\": true,\"freeMode\": false,\"swipeToSlide\": false, \"carousel_accessibility\": true,\"adaptiveHeight\": false,\"allowTouchMove\": true, \"slidesPerView\": { \"lg_desktop\": 5, \"desktop\": 4, \"tablet\": 3, \"mobile\": 1, \"mobile_landscape\": 2 } }' data-carousel-starts-onscreen=\"true\">\n\t\t<div class=\"swiper-wrapper\">\n\t\t\t\t<div class=\"swiper-slide\"><div class=\"sp-lc-logo\"><img loading=\"lazy\" decoding=\"async\" src=\"https:\/\/beta.anadyomene.org\/wp-content\/uploads\/2025\/12\/Groupama-Mediterranee.png\" title=\"\" alt=\"Groupama M\u00e9diterran\u00e9e\" width=\"150\" height=\"150\" class=\"sp-lc-image\"><\/div><\/div>\n\t\t<div class=\"swiper-slide\"><div class=\"sp-lc-logo\"><img loading=\"lazy\" decoding=\"async\" src=\"https:\/\/beta.anadyomene.org\/wp-content\/uploads\/2025\/12\/JF-Impressions.png\" title=\"\" alt=\"JF Impressions\" width=\"150\" height=\"150\" class=\"sp-lc-image\"><\/div><\/div>\n\t\t<div class=\"swiper-slide\"><div class=\"sp-lc-logo\"><img loading=\"lazy\" decoding=\"async\" src=\"https:\/\/beta.anadyomene.org\/wp-content\/uploads\/2025\/12\/PeppaCorp.png\" title=\"\" alt=\"PeppaCorp\" width=\"150\" height=\"150\" class=\"sp-lc-image\"><\/div><\/div>\n\t\t<div class=\"swiper-slide\"><div class=\"sp-lc-logo\"><img loading=\"lazy\" decoding=\"async\" src=\"https:\/\/beta.anadyomene.org\/wp-content\/uploads\/2026\/01\/TreeDream.png\" title=\"\" alt=\"TreeDream\" width=\"150\" height=\"150\" class=\"sp-lc-image\"><\/div><\/div>\n\t\t\t<\/div>\n\n\t\t\t<\/div>\n<\/div>\n\n\n\n\n<div style=\"height:48px\" aria-hidden=\"true\" class=\"wp-block-spacer\"><\/div>\n\n\n\n<h2 class=\"wp-block-heading\">Nos m\u00e9c\u00e8nes<\/h2>\n\n\n\n<div class=\"wp-block-columns is-layout-flex wp-container-core-columns-is-layout-28f84493 wp-block-columns-is-layout-flex\">\n<div class=\"wp-block-column is-style-shadow has-background is-layout-flow wp-block-column-is-layout-flow\" style=\"border-style:none;border-width:0px;background-color:#f4f5f8;padding-top:30px;padding-right:30px;padding-bottom:30px;padding-left:30px\">\n<p>\u00ab\u00a0Etiam porta sem malesuada magna mollis euismod. Donec id elit non mi porta gravida at eget metus. Cras justo odio, dapibus ac facilisis in, egestas eget quam.\u00a0\u00bb<\/p>\n\n\n\n<div class=\"wp-block-group has-global-padding is-layout-constrained wp-block-group-is-layout-constrained\">\n<div class=\"wp-block-columns are-vertically-aligned-center is-layout-flex wp-container-core-columns-is-layout-28f84493 wp-block-columns-is-layout-flex\">\n<div class=\"wp-block-column is-vertically-aligned-center is-layout-flow wp-block-column-is-layout-flow\" style=\"flex-basis:100px\">\n<figure class=\"wp-block-image size-full is-resized\"><img loading=\"lazy\" decoding=\"async\" width=\"150\" height=\"150\" src=\"https:\/\/beta.anadyomene.org\/wp-content\/uploads\/2025\/12\/Groupama-Mediterranee.png\" alt=\"\" class=\"wp-image-235\" style=\"width:79px;height:79px\" srcset=\"https:\/\/beta.anadyomene.org\/wp-content\/uploads\/2025\/12\/Groupama-Mediterranee.png 150w, https:\/\/beta.anadyomene.org\/wp-content\/uploads\/2025\/12\/Groupama-Mediterranee-12x12.png 12w\" sizes=\"auto, (max-width: 150px) 100vw, 150px\" \/><\/figure>\n<\/div>\n\n\n\n<div class=\"wp-block-column is-vertically-aligned-center is-layout-flow wp-block-column-is-layout-flow\">\n<p class=\"has-foreground-color has-text-color\"><strong>Eva Lester<\/strong><br>Senior Supervisors \u30fb Fables<\/p>\n<\/div>\n<\/div>\n<\/div>\n<\/div>\n\n\n\n<div class=\"wp-block-column is-style-shadow has-background is-layout-flow wp-block-column-is-layout-flow\" style=\"border-style:none;border-width:0px;background-color:#f4f5f8;padding-top:30px;padding-right:30px;padding-bottom:30px;padding-left:30px\">\n<p>J\u2019ai choisi de soutenir Anadyom\u00e8ne d\u00e8s 2017, s\u00e9duit par la force du projet et les valeurs qu\u2019il porte. <br><br>Au fil des ann\u00e9es, j\u2019ai accompagn\u00e9 la fabrication de trois carnets de voyage et de leur dernier ouvrage, \u00ab\u00a0Oliviers Mill\u00e9naires, les Gardiens de la M\u00e9diterran\u00e9e\u00a0\u00bb un travail dont je suis particuli\u00e8rement fier.<br><br>C\u2019est un partenariat fond\u00e9 sur la confiance, le sens du d\u00e9tail et l\u2019envie de donner corps \u00e0 des r\u00e9cits qui comptent.<\/p>\n\n\n\n<div class=\"wp-block-columns are-vertically-aligned-center is-layout-flex wp-container-core-columns-is-layout-28f84493 wp-block-columns-is-layout-flex\">\n<div class=\"wp-block-column is-vertically-aligned-center is-layout-flow wp-block-column-is-layout-flow\" style=\"flex-basis:100px\">\n<figure class=\"wp-block-image size-full is-resized\"><img loading=\"lazy\" decoding=\"async\" width=\"150\" height=\"150\" src=\"https:\/\/beta.anadyomene.org\/wp-content\/uploads\/2025\/12\/JF-Impressions.png\" alt=\"\" class=\"wp-image-236\" style=\"width:91px;height:91px\" srcset=\"https:\/\/beta.anadyomene.org\/wp-content\/uploads\/2025\/12\/JF-Impressions.png 150w, https:\/\/beta.anadyomene.org\/wp-content\/uploads\/2025\/12\/JF-Impressions-12x12.png 12w\" sizes=\"auto, (max-width: 150px) 100vw, 150px\" \/><\/figure>\n<\/div>\n\n\n\n<div class=\"wp-block-column is-vertically-aligned-center is-layout-flow wp-block-column-is-layout-flow\">\n<p class=\"has-foreground-color has-text-color\"><strong><strong>Jacques Fabregat<\/strong><\/strong><br>Directeur<br><\/p>\n<\/div>\n<\/div>\n<\/div>\n<\/div>\n\n\n\n<div style=\"height:54px\" aria-hidden=\"true\" class=\"wp-block-spacer\"><\/div>\n\n\n\n<h2 class=\"wp-block-heading\">Nos partenaires techniques <\/h2>\n\n\n\n<div class=\"wp-block-group is-content-justification-center is-nowrap is-layout-flex wp-container-core-group-is-layout-23441af8 wp-block-group-is-layout-flex\">\n<figure class=\"wp-block-image size-full\"><img loading=\"lazy\" decoding=\"async\" width=\"150\" height=\"150\" src=\"https:\/\/beta.anadyomene.org\/wp-content\/uploads\/2025\/12\/PeppaCorp.png\" alt=\"\" class=\"wp-image-237\" srcset=\"https:\/\/beta.anadyomene.org\/wp-content\/uploads\/2025\/12\/PeppaCorp.png 150w, https:\/\/beta.anadyomene.org\/wp-content\/uploads\/2025\/12\/PeppaCorp-12x12.png 12w\" sizes=\"auto, (max-width: 150px) 100vw, 150px\" \/><\/figure>\n\n\n\n<figure class=\"wp-block-image size-full\"><img loading=\"lazy\" decoding=\"async\" width=\"150\" height=\"150\" src=\"https:\/\/beta.anadyomene.org\/wp-content\/uploads\/2026\/01\/TreeDream.png\" alt=\"\" class=\"wp-image-2560\" srcset=\"https:\/\/beta.anadyomene.org\/wp-content\/uploads\/2026\/01\/TreeDream.png 150w, https:\/\/beta.anadyomene.org\/wp-content\/uploads\/2026\/01\/TreeDream-12x12.png 12w\" sizes=\"auto, (max-width: 150px) 100vw, 150px\" \/><\/figure>\n<\/div>\n\n\n\n<div style=\"height:48px\" aria-hidden=\"true\" class=\"wp-block-spacer\"><\/div>\n\n\n\n<p><\/p>","protected":false},"excerpt":{"rendered":"<p>Notre parcours est le fruit d&rsquo;un long chemin partag\u00e9. A l&rsquo;image des racines profondes des oliviers, les partenaires de \u00ab\u00a0M\u00e9diterran\u00e9e terroir divin\u00a0\u00bb ont port\u00e9 ce projet avec g\u00e9n\u00e9rosit\u00e9 et constance. &hellip; <\/p>\n<p class=\"link-more\"><a href=\"https:\/\/beta.anadyomene.org\/en\/sp_logo_carousel\/treedream\/\" class=\"more-link\">Read more<span class=\"screen-reader-text\"> \u00ab\u00a0TreeDream\u00a0\u00bb<\/span><\/a><\/p>","protected":false},"author":2,"featured_media":0,"parent":0,"menu_order":0,"comment_status":"closed","ping_status":"closed","template":"","meta":{"footnotes":""},"class_list":["post-56","page","type-page","status-publish","hentry"],"featured_media_urls":[],"_links":{"self":[{"href":"https:\/\/beta.anadyomene.org\/en\/wp-json\/wp\/v2\/pages\/56","targetHints":{"allow":["GET"]}}],"collection":[{"href":"https:\/\/beta.anadyomene.org\/en\/wp-json\/wp\/v2\/pages"}],"about":[{"href":"https:\/\/beta.anadyomene.org\/en\/wp-json\/wp\/v2\/types\/page"}],"author":[{"embeddable":true,"href":"https:\/\/beta.anadyomene.org\/en\/wp-json\/wp\/v2\/users\/2"}],"replies":[{"embeddable":true,"href":"https:\/\/beta.anadyomene.org\/en\/wp-json\/wp\/v2\/comments?post=56"}],"version-history":[{"count":16,"href":"https:\/\/beta.anadyomene.org\/en\/wp-json\/wp\/v2\/pages\/56\/revisions"}],"predecessor-version":[{"id":2594,"href":"https:\/\/beta.anadyomene.org\/en\/wp-json\/wp\/v2\/pages\/56\/revisions\/2594"}],"wp:attachment":[{"href":"https:\/\/beta.anadyomene.org\/en\/wp-json\/wp\/v2\/media?parent=56"}],"curies":[{"name":"wp","href":"https:\/\/api.w.org\/{rel}","templated":true}]}}