{"id":72,"date":"2025-12-05T16:30:29","date_gmt":"2025-12-05T15:30:29","guid":{"rendered":"https:\/\/beta.anadyomene.org\/?page_id=72"},"modified":"2026-03-11T15:00:27","modified_gmt":"2026-03-11T14:00:27","slug":"qui-sommes-nous","status":"publish","type":"page","link":"https:\/\/beta.anadyomene.org\/en\/qui-sommes-nous\/","title":{"rendered":"Who we are"},"content":{"rendered":"<div class=\"wp-block-columns alignwide are-vertically-aligned-center is-layout-flex wp-container-core-columns-is-layout-28f84493 wp-block-columns-is-layout-flex\">\n<div class=\"wp-block-column is-vertically-aligned-center is-layout-flow wp-block-column-is-layout-flow\" style=\"flex-basis:33.33%\">\n<figure class=\"wp-block-image size-full\"><img loading=\"lazy\" decoding=\"async\" width=\"800\" height=\"534\" src=\"https:\/\/beta.anadyomene.org\/wp-content\/uploads\/2018\/03\/med-1-1.jpg\" alt=\"\" class=\"wp-image-98\" srcset=\"https:\/\/beta.anadyomene.org\/wp-content\/uploads\/2018\/03\/med-1-1.jpg 800w, https:\/\/beta.anadyomene.org\/wp-content\/uploads\/2018\/03\/med-1-1-300x200.jpg 300w, https:\/\/beta.anadyomene.org\/wp-content\/uploads\/2018\/03\/med-1-1-600x400.jpg 600w, https:\/\/beta.anadyomene.org\/wp-content\/uploads\/2018\/03\/med-1-1-18x12.jpg 18w\" sizes=\"auto, (max-width: 800px) 100vw, 800px\" \/><\/figure>\n<\/div>\n\n\n\n<div class=\"wp-block-column is-vertically-aligned-center is-layout-flow wp-block-column-is-layout-flow\" style=\"flex-basis:66.66%\">\n<p class=\"has-text-align-left has-primary-color has-text-color\">Fond\u00e9e en 2017, Anadyom\u00e8ne est une association loi 1901 d\u2019int\u00e9r\u00eat g\u00e9n\u00e9ral engag\u00e9e pour la transmission des cultures ancestrales m\u00e9diterran\u00e9ennes, notamment celles de la vigne et de l\u2019olivier. Elle initie et dirige le projet M\u00e9diterran\u00e9e terroir divin, une d\u00e9marche culturelle, patrimoniale et humaniste articul\u00e9e autour de trois piliers : \u00c9ducation, Transmission, Sant\u00e9. <br><br>\u00c0 travers des reportages au long cours, des ouvrages d\u2019art, des expositions et des conf\u00e9rences, l\u2019association met en lumi\u00e8re les femmes et les hommes qui pr\u00e9servent des savoir-faire s\u00e9culaires et un patrimoine vivant aujourd\u2019hui fragilis\u00e9. Son travail s\u2019inscrit dans un fort ancrage territorial et dans une volont\u00e9 de dialogue entre g\u00e9n\u00e9rations.<\/p>\n<\/div>\n<\/div>\n\n\n\n<div style=\"height:18px\" aria-hidden=\"true\" class=\"wp-block-spacer\"><\/div>\n\n\n\n<div class=\"wp-block-columns alignwide are-vertically-aligned-center is-layout-flex wp-container-core-columns-is-layout-28f84493 wp-block-columns-is-layout-flex\">\n<div class=\"wp-block-column is-vertically-aligned-center is-layout-flow wp-block-column-is-layout-flow\" style=\"flex-basis:66.66%\">\n<p class=\"has-text-align-right has-primary-color has-text-color has-link-color wp-elements-334d0be0b8fad68222ae8f0f2020e918\"><strong>Anadyom\u00e8ne r\u00e9unit une \u00e9quipe pluridisciplinaire :<\/strong> Jer\u00f4me Himbert, pr\u00e9sident ; Claude Cruells, fondateur et directeur de projets ; Ethel Cruells, cheffe de projet M\u00e9diterran\u00e9e terroir divin ; Roxane Barbier, Yves Galmy et Brice Alfano, en charge de la communication et de la production audiovisuelle ; Lisa Cruells, responsable RSE ; Jean Claude Benech, conseiller technique.<\/p>\n\n\n\n<p class=\"has-text-align-right has-primary-color has-text-color has-link-color wp-elements-4b5d5b000412ba344af3137daabcc91e\">En tant qu\u2019association d\u2019int\u00e9r\u00eat g\u00e9n\u00e9ral, Anadyom\u00e8ne agit au service du bien commun et accompagne entreprises et partenaires engag\u00e9s dans une d\u00e9marche responsable et environnementale.<\/p>\n<\/div>\n\n\n\n<div class=\"wp-block-column is-vertically-aligned-center is-layout-flow wp-block-column-is-layout-flow\" style=\"flex-basis:33.33%\">\n<figure class=\"wp-block-image size-large\"><img loading=\"lazy\" decoding=\"async\" width=\"1024\" height=\"683\" src=\"https:\/\/beta.anadyomene.org\/wp-content\/uploads\/2026\/02\/Oliviers-millenaires-Les-Gardiens-de-la-Mediterranee-347-x-270-mm-10.4-001_Page_009-edited-1-1024x683.jpg\" alt=\"\" class=\"wp-image-3109\" srcset=\"https:\/\/beta.anadyomene.org\/wp-content\/uploads\/2026\/02\/Oliviers-millenaires-Les-Gardiens-de-la-Mediterranee-347-x-270-mm-10.4-001_Page_009-edited-1-1024x683.jpg 1024w, https:\/\/beta.anadyomene.org\/wp-content\/uploads\/2026\/02\/Oliviers-millenaires-Les-Gardiens-de-la-Mediterranee-347-x-270-mm-10.4-001_Page_009-edited-1-300x200.jpg 300w, https:\/\/beta.anadyomene.org\/wp-content\/uploads\/2026\/02\/Oliviers-millenaires-Les-Gardiens-de-la-Mediterranee-347-x-270-mm-10.4-001_Page_009-edited-1-2000x1333.jpg 2000w, https:\/\/beta.anadyomene.org\/wp-content\/uploads\/2026\/02\/Oliviers-millenaires-Les-Gardiens-de-la-Mediterranee-347-x-270-mm-10.4-001_Page_009-edited-1-scaled-18x12.jpg 18w\" sizes=\"auto, (max-width: 1024px) 100vw, 1024px\" \/><\/figure>\n<\/div>\n<\/div>\n\n\n\n<div style=\"height:55px\" aria-hidden=\"true\" class=\"wp-block-spacer\"><\/div>\n\n\n\t<style>\n\t#sr-slider-3123 .sr-image {\n\t  margin: 5px;\n\t}\n\t#sr-slider-3123 .sr-image img {\n\t  display: block;\n\t  width: 100%;\n\t  height: auto;\n\t}\n\t#sr-slider-3123 .sr-title {\n\t\ttext-align: center;\n\t\tfont-weight: bolder;\n\t}\n\t#sr-slider-3123 .sr-desc {\n\t\ttext-align: center;\n\t}\n\t#sr-slider-3123 .sr-image .sr-link {\n\t\ttext-align: center;\n\t}\n\t\t<\/style>\n\t\t<!-- HTML Script Part Start From Here-->\n\t<script>\n\tjQuery(document).ready(function() {\n\t   jQuery(\"#sr-slider-3123\").owlCarousel({ \n\t\t\t\/\/ Most important owl features\n\t\t\titems : 3,\n\n\t\t\t\/\/Basic Speeds\n\t\t\tslideSpeed : 300,\n\t\t\tpaginationSpeed : 300,\n\t\t\trewindSpeed : 600,\n\n\t\t\t\/\/Autoplay\n\t\t\tautoPlay : true,\n\t\t \n\t\t\t\/\/ Navigation\n\t\t\tnavigation : false,\n\t\t\tnavigationText : [\"Prev\",\"Next\"],\n\t\t\trewindNav : true,\n\t \n\t\t\t\/\/ Responsive \n\t\t\tresponsive: true,\n\t\t\tresponsiveRefreshRate : 200,\n\t\t\tresponsiveBaseWidth: window,\n\t\t \n\t\t\t\/\/ CSS Styles\n\t\t\tbaseClass : \"owl-carousel\",\n\t\t\ttheme : \"owl-theme\",\n\t\t \n\t\t\t\/\/Auto height\n\t\t\tautoHeight : true,\n\t\t \n\t\t\t\/\/Mouse Events\n\t\t\tdragBeforeAnimFinish : true,\n\t\t\tmouseDrag : true,\n\t\t\ttouchDrag : true,\n\t\t \n\t\t\t\/\/Transitions\n\t\t\ttransitionStyle : \"fade\",\n\t\t});\n\t});\n\t<\/script>\n\t\t\t<div id=\"sr-slider-3123\">\n\t\t\t\t\t\t\t\t<div class=\"sr-image\">\n\t\t\t\t\t\t\t\t\t\t\t\t\t<img decoding=\"async\" class=\"lazyOwl\" src=\"https:\/\/beta.anadyomene.org\/wp-content\/uploads\/2018\/03\/1.jpg\" alt=\"1\">\n\t\t\t\t\t\t\t\t\t\t\t\t\n\t\t\t\t\t\t<!--Text Below Slide-->\n\t\t\t\t\t\t\t\t\t\t\t\t\n\t\t\t\t\t\t\t\t\t\t\t\t\n\t\t\t\t\t\t\t\t\t\t\t\t<!--Text Below Slide-->\n\t\t\t\t\t<\/div>\n\t\t\t\t\t\t\t\t\t\t<div class=\"sr-image\">\n\t\t\t\t\t\t\t\t\t\t\t\t\t<img decoding=\"async\" class=\"lazyOwl\" src=\"https:\/\/beta.anadyomene.org\/wp-content\/uploads\/2018\/03\/4.jpg\" alt=\"4\">\n\t\t\t\t\t\t\t\t\t\t\t\t\n\t\t\t\t\t\t<!--Text Below Slide-->\n\t\t\t\t\t\t\t\t\t\t\t\t\n\t\t\t\t\t\t\t\t\t\t\t\t\n\t\t\t\t\t\t\t\t\t\t\t\t<!--Text Below Slide-->\n\t\t\t\t\t<\/div>\n\t\t\t\t\t\t\t\t\t\t<div class=\"sr-image\">\n\t\t\t\t\t\t\t\t\t\t\t\t\t<img decoding=\"async\" class=\"lazyOwl\" src=\"https:\/\/beta.anadyomene.org\/wp-content\/uploads\/2018\/03\/med-5.jpg\" alt=\"med (5)\">\n\t\t\t\t\t\t\t\t\t\t\t\t\n\t\t\t\t\t\t<!--Text Below Slide-->\n\t\t\t\t\t\t\t\t\t\t\t\t\n\t\t\t\t\t\t\t\t\t\t\t\t\n\t\t\t\t\t\t\t\t\t\t\t\t<!--Text Below Slide-->\n\t\t\t\t\t<\/div>\n\t\t\t\t\t\t\t\t\t\t<div class=\"sr-image\">\n\t\t\t\t\t\t\t\t\t\t\t\t\t<img decoding=\"async\" class=\"lazyOwl\" src=\"https:\/\/beta.anadyomene.org\/wp-content\/uploads\/2018\/03\/med-3.jpg\" alt=\"med (3)\">\n\t\t\t\t\t\t\t\t\t\t\t\t\n\t\t\t\t\t\t<!--Text Below Slide-->\n\t\t\t\t\t\t\t\t\t\t\t\t\n\t\t\t\t\t\t\t\t\t\t\t\t\n\t\t\t\t\t\t\t\t\t\t\t\t<!--Text Below Slide-->\n\t\t\t\t\t<\/div>\n\t\t\t\t\t\t\t\t\t\t<div class=\"sr-image\">\n\t\t\t\t\t\t\t\t\t\t\t\t\t<img decoding=\"async\" class=\"lazyOwl\" src=\"https:\/\/beta.anadyomene.org\/wp-content\/uploads\/2018\/03\/med-7.jpg\" alt=\"med (7)\">\n\t\t\t\t\t\t\t\t\t\t\t\t\n\t\t\t\t\t\t<!--Text Below Slide-->\n\t\t\t\t\t\t\t\t\t\t\t\t\n\t\t\t\t\t\t\t\t\t\t\t\t\n\t\t\t\t\t\t\t\t\t\t\t\t<!--Text Below Slide-->\n\t\t\t\t\t<\/div>\n\t\t\t\t\t\t\t\t\t\t<div class=\"sr-image\">\n\t\t\t\t\t\t\t\t\t\t\t\t\t<img decoding=\"async\" class=\"lazyOwl\" src=\"https:\/\/beta.anadyomene.org\/wp-content\/uploads\/2018\/03\/med-1.jpg\" alt=\"med (1)\">\n\t\t\t\t\t\t\t\t\t\t\t\t\n\t\t\t\t\t\t<!--Text Below Slide-->\n\t\t\t\t\t\t\t\t\t\t\t\t\n\t\t\t\t\t\t\t\t\t\t\t\t\n\t\t\t\t\t\t\t\t\t\t\t\t<!--Text Below Slide-->\n\t\t\t\t\t<\/div>\n\t\t\t\t\t\t\t\t\t\t<div class=\"sr-image\">\n\t\t\t\t\t\t\t\t\t\t\t\t\t<img decoding=\"async\" class=\"lazyOwl\" src=\"https:\/\/beta.anadyomene.org\/wp-content\/uploads\/2018\/03\/med-6.jpg\" alt=\"med (6)\">\n\t\t\t\t\t\t\t\t\t\t\t\t\n\t\t\t\t\t\t<!--Text Below Slide-->\n\t\t\t\t\t\t\t\t\t\t\t\t\n\t\t\t\t\t\t\t\t\t\t\t\t\n\t\t\t\t\t\t\t\t\t\t\t\t<!--Text Below Slide-->\n\t\t\t\t\t<\/div>\n\t\t\t\t\t\t\t\t\t\t<div class=\"sr-image\">\n\t\t\t\t\t\t\t\t\t\t\t\t\t<img decoding=\"async\" class=\"lazyOwl\" src=\"https:\/\/beta.anadyomene.org\/wp-content\/uploads\/2018\/03\/6.jpg\" alt=\"6\">\n\t\t\t\t\t\t\t\t\t\t\t\t\n\t\t\t\t\t\t<!--Text Below Slide-->\n\t\t\t\t\t\t\t\t\t\t\t\t\n\t\t\t\t\t\t\t\t\t\t\t\t\n\t\t\t\t\t\t\t\t\t\t\t\t<!--Text Below Slide-->\n\t\t\t\t\t<\/div>\n\t\t\t\t\t\t\t<\/div>\n\t\t\n\n\n\n<p><\/p>","protected":false},"excerpt":{"rendered":"<p>Fond\u00e9e en 2017, Anadyom\u00e8ne est une association loi 1901 d\u2019int\u00e9r\u00eat g\u00e9n\u00e9ral engag\u00e9e pour la transmission des cultures ancestrales m\u00e9diterran\u00e9ennes, notamment celles de la vigne et de l\u2019olivier. Elle initie et &hellip; <\/p>\n<p class=\"link-more\"><a href=\"https:\/\/beta.anadyomene.org\/en\/slider_responsive\/anadyomene_qui-sommes-nous\/\" class=\"more-link\">Read more<span class=\"screen-reader-text\"> \u00ab\u00a0Anadyom\u00e8ne_Qui sommes-nous\u00a0\u00bb<\/span><\/a><\/p>","protected":false},"author":2,"featured_media":0,"parent":0,"menu_order":0,"comment_status":"closed","ping_status":"closed","template":"","meta":{"footnotes":""},"class_list":["post-72","page","type-page","status-publish","hentry"],"featured_media_urls":[],"_links":{"self":[{"href":"https:\/\/beta.anadyomene.org\/en\/wp-json\/wp\/v2\/pages\/72","targetHints":{"allow":["GET"]}}],"collection":[{"href":"https:\/\/beta.anadyomene.org\/en\/wp-json\/wp\/v2\/pages"}],"about":[{"href":"https:\/\/beta.anadyomene.org\/en\/wp-json\/wp\/v2\/types\/page"}],"author":[{"embeddable":true,"href":"https:\/\/beta.anadyomene.org\/en\/wp-json\/wp\/v2\/users\/2"}],"replies":[{"embeddable":true,"href":"https:\/\/beta.anadyomene.org\/en\/wp-json\/wp\/v2\/comments?post=72"}],"version-history":[{"count":41,"href":"https:\/\/beta.anadyomene.org\/en\/wp-json\/wp\/v2\/pages\/72\/revisions"}],"predecessor-version":[{"id":3209,"href":"https:\/\/beta.anadyomene.org\/en\/wp-json\/wp\/v2\/pages\/72\/revisions\/3209"}],"wp:attachment":[{"href":"https:\/\/beta.anadyomene.org\/en\/wp-json\/wp\/v2\/media?parent=72"}],"curies":[{"name":"wp","href":"https:\/\/api.w.org\/{rel}","templated":true}]}}