{"id":73,"date":"2025-12-05T16:30:29","date_gmt":"2025-12-05T15:30:29","guid":{"rendered":"https:\/\/beta.anadyomene.org\/?page_id=73"},"modified":"2026-03-11T15:24:25","modified_gmt":"2026-03-11T14:24:25","slug":"mediterranee-et-terroir-divin","status":"publish","type":"page","link":"https:\/\/beta.anadyomene.org\/en\/mediterranee-et-terroir-divin\/","title":{"rendered":"M\u00e9diterran\u00e9e terroir divin"},"content":{"rendered":"<figure class=\"wp-block-embed is-type-video is-provider-youtube wp-block-embed-youtube wp-embed-aspect-16-9 wp-has-aspect-ratio\"><div class=\"wp-block-embed__wrapper\">\n<iframe loading=\"lazy\" title=\"EP01 : Pr\u00e9sentation Anadyom\u00e8ne - M\u00e9diterran\u00e9e Terroir Divin\" width=\"950\" height=\"534\" src=\"https:\/\/www.youtube.com\/embed\/rN8qAYJMih8?feature=oembed\" frameborder=\"0\" allow=\"accelerometer; autoplay; clipboard-write; encrypted-media; gyroscope; picture-in-picture; web-share\" referrerpolicy=\"strict-origin-when-cross-origin\" allowfullscreen><\/iframe>\n<\/div><\/figure>\n\n\n\n<div style=\"height:60px\" aria-hidden=\"true\" class=\"wp-block-spacer\"><\/div>\n\n\n\n<h3 class=\"wp-block-heading\"><strong>A l&rsquo;origine du projet \u00ab\u00a0M\u00e9diterran\u00e9e terroir divin\u00a0\u00bb <\/strong><\/h3>\n\n\n\n<p>Le projet <em>\u00abM\u00e9diterran\u00e9e terroir divin\u00bb<\/em> est n\u00e9 un matin de mai 2016. Il s&rsquo;est impos\u00e9 comme une \u00e9vidence, dans le prolongement de ma d\u00e9marche artistique et environnementale. L&rsquo;ann\u00e9e pr\u00e9c\u00e9dente, j&rsquo;avais imagin\u00e9 le concept<em>\u00ab\u00a0CarttooN &#8211; je rends \u00e0 la nature\u00a0\u00bb<\/em>. Cette id\u00e9e de retour, de gratitude, ne m&rsquo;a plus quitt\u00e9. Apr\u00e8s tant d&rsquo;ann\u00e9es de reportages viticoles et environnementaux, je ressentais le besoin profond de rendre, \u00e0 mon tour, quelque chose \u00e0 cette nature qui m&rsquo;avait tant offert.<\/p>\n\n\n\n<p>Tr\u00e8s vite, il a fallu structurer ce projet. Notre association a vu le jour d\u00e9but 2017, <em>Carttoon Spirit<\/em>, avant de devenir Anadyom\u00e8ne, quelques ann\u00e9es plus tard. L&rsquo;\u00e9nergie fondatrice de notre petite \u00e9quipe nous a permis de convaincre des m\u00e9c\u00e8nes, de poser les premi\u00e8res pierres du projet, d&rsquo;avancer, feuille blanche \u00e0 la main et enthousiasme en bandouli\u00e8re ! <\/p>\n\n\n\n<p>Trois carnets de voyage ont vu le jour, avant que la pand\u00e9mie ne suspende notre \u00e9lan. <\/p>\n\n\n\n<p>Au fil des reportages, le projets s&rsquo;est transform\u00e9. Nous avions d&rsquo;abord imagin\u00e9 un livre d&rsquo;art r\u00e9unissant vigne et olivier. Mais face \u00e0 l&rsquo;ampleur de la t\u00e2che et \u00e0 la diversit\u00e9 des sujets, il est devenu \u00e9vident qu&rsquo;il fallait dissocier ces deux cultures. Nous avons choisi de commencer par l&rsquo;olivier, et en particulier les oliviers mill\u00e9naires. Ce sont eux qui m&rsquo;ont donn\u00e9 envie de transmettre les \u00e9motions que j&rsquo;ai ressenties en serrant leurs troncs noueux, comme on serrerait ses grands-parents. C&rsquo;est \u00e0 partir de ce moment-l\u00e0 que Rapha\u00ebl Colicci, mon ami et complique a commenc\u00e9 \u00e0 m&rsquo;accompagner sur les reportages. <\/p>\n\n\n\n<p>Puis peu \u00e0 peu, d&rsquo;autres dimensions sont apparues : des personnages remarquables, des savoirs-faire menac\u00e9s ou disparus, des images en noir et blanc pour traduire l&rsquo;intemporalit\u00e9 de ces g\u00e9ants v\u00e9g\u00e9taux et finalement, comme une \u00e9vidence, le lien sacr\u00e9 entre les peuples du pourtour m\u00e9diterran\u00e9en. <\/p>\n\n\n\n<p>Cet ouvrage est l&rsquo;aboutissement de ce chemin des oliviers. Il rend hommage \u00e0 l&rsquo;arbre sacr\u00e9. <em>\u00abM\u00e9diterran\u00e9e terroir divin\u00bb<\/em> est mon sillon. Contrairement \u00e0 une \u0153uvre, qui est \u00e0 mes yeux, une d\u00e9marche plus personnelle, le sillon est quant \u00e0 lui, une d\u00e9marche universelle.<\/p>\n\n\n\n<p class=\"has-text-align-right\">___ Claude Cruells<\/p>\n\n\n\n<p><\/p>","protected":false},"excerpt":{"rendered":"<p>A l&rsquo;origine du projet \u00ab\u00a0M\u00e9diterran\u00e9e terroir divin\u00a0\u00bb Le projet \u00ab\u00a0M\u00e9diterran\u00e9e terroir divin\u00a0\u00bb est n\u00e9 un matin de mai 2016. Il s&rsquo;est impos\u00e9 comme une \u00e9vidence, dans le prolongement de ma &hellip; <\/p>\n<p class=\"link-more\"><a href=\"https:\/\/beta.anadyomene.org\/en\/mediterranee-et-terroir-divin\/\" class=\"more-link\">Read more<span class=\"screen-reader-text\"> \u00abM\u00e9diterran\u00e9e terroir divin\u00bb<\/span><\/a><\/p>","protected":false},"author":2,"featured_media":0,"parent":0,"menu_order":0,"comment_status":"closed","ping_status":"closed","template":"","meta":{"footnotes":""},"class_list":["post-73","page","type-page","status-publish","hentry"],"featured_media_urls":[],"_links":{"self":[{"href":"https:\/\/beta.anadyomene.org\/en\/wp-json\/wp\/v2\/pages\/73","targetHints":{"allow":["GET"]}}],"collection":[{"href":"https:\/\/beta.anadyomene.org\/en\/wp-json\/wp\/v2\/pages"}],"about":[{"href":"https:\/\/beta.anadyomene.org\/en\/wp-json\/wp\/v2\/types\/page"}],"author":[{"embeddable":true,"href":"https:\/\/beta.anadyomene.org\/en\/wp-json\/wp\/v2\/users\/2"}],"replies":[{"embeddable":true,"href":"https:\/\/beta.anadyomene.org\/en\/wp-json\/wp\/v2\/comments?post=73"}],"version-history":[{"count":7,"href":"https:\/\/beta.anadyomene.org\/en\/wp-json\/wp\/v2\/pages\/73\/revisions"}],"predecessor-version":[{"id":3218,"href":"https:\/\/beta.anadyomene.org\/en\/wp-json\/wp\/v2\/pages\/73\/revisions\/3218"}],"wp:attachment":[{"href":"https:\/\/beta.anadyomene.org\/en\/wp-json\/wp\/v2\/media?parent=73"}],"curies":[{"name":"wp","href":"https:\/\/api.w.org\/{rel}","templated":true}]}}