{"id":75,"date":"2025-12-05T16:30:29","date_gmt":"2025-12-05T15:30:29","guid":{"rendered":"https:\/\/beta.anadyomene.org\/?page_id=75"},"modified":"2026-03-13T14:24:47","modified_gmt":"2026-03-13T13:24:47","slug":"oliviers-millenaires-les-gardiens-de-la-mediterranee","status":"publish","type":"page","link":"https:\/\/beta.anadyomene.org\/en\/oliviers-millenaires-les-gardiens-de-la-mediterranee\/","title":{"rendered":"Millenary olive trees, Guardians of the Mediterranean"},"content":{"rendered":"<figure class=\"wp-block-video\"><video height=\"1080\" style=\"aspect-ratio: 1920 \/ 1080;\" width=\"1920\" autoplay loop muted preload=\"auto\" src=\"https:\/\/beta.anadyomene.org\/wp-content\/uploads\/2025\/12\/Video-mise-en-avant_Maquettes-3D.mp4\" playsinline><\/video><\/figure>\n\n\n\n<div style=\"height:43px\" aria-hidden=\"true\" class=\"wp-block-spacer\"><\/div>\n\n\n\n<p>Set off on a fascinating journey around the Mediterranean to discover thousand-year-old olive trees, as seen through the lens of photographer Claude Cruells. Much more than a collection of rare images, this work of art offers a deep immersion in nature and cultures that have disappeared or are threatened, revealing their most precious asset: trees, living monuments that have survived the ages. <\/p>\n\n\n\n<p>Each page reveals the story of these olive trees, bearers of an immense wealth of heritage and culture, imbued with mythology, poetry and medicinal virtues. It's an odyssey through the ages and territories, where each tree transmits the memory and wisdom of Mediterranean peoples. <\/p>\n\n\n\n<p>Explore a divine land, where the olive tree becomes the guardian of the temple, the symbol of reconciliation. From the Orient to Spain, long before us, it has crossed borders, becoming a universal emblem of peace. <\/p>\n\n\n\n<p>Pierre Rabhi's inspiring foreword paves the way for a deeper understanding of Claude Cruells and Rapha\u00ebl Colicci's mission: to honor these silent guardians of the Mediterranean and pass on a threatened ancestral heritage. <\/p>\n\n\n\n<p>The foreword by Jean Jouzel, the great climatologist and winner of the Nobel Prize for Earth and Universe Sciences, is a fitting reminder of just how much our world is at risk. <\/p>\n\n\n\n<p>This book pays tribute to those who watch over these rooted giants with passion and resilience, such as Amador Peset and Teresa Adell, for whom the transmission of these ancestors is a daily commitment. <\/p>\n\n\n\n<p>Initiated by the Anadyom\u00e8ne association as part of its <em>\u00abM\u00e9diterran\u00e9e terroir divin\u00bb<\/em>, This book celebrates the beauty of the Mediterranean natural heritage and launches an urgent appeal for the preservation of biodiversity in the face of the climate emergency. <\/p>\n\n\n\n<div style=\"height:37px\" aria-hidden=\"true\" class=\"wp-block-spacer\"><\/div>\n\n\n\n<p><strong>Price : <\/strong>59,00\u20ac hors frais de port<\/p>\n\n\n\n<p><em>To place an order, please fill in this form. We will get back to you as soon as possible to proceed with payment and shipment of the book. <\/em><\/p>\n\n\n\n<div class=\"wp-block-buttons is-content-justification-center is-layout-flex wp-container-core-buttons-is-layout-a89b3969 wp-block-buttons-is-layout-flex\">\n<div class=\"wp-block-button\"><a class=\"wp-block-button__link has-secondary-background-color has-background wp-element-button\" href=\"https:\/\/beta.anadyomene.org\/en\/bon-de-commande-oliviers-millenaires-les-gardiens-de-la-mediterranee\/\">Order<\/a><\/div>\n<\/div>\n\n\n\n<div style=\"height:51px\" aria-hidden=\"true\" class=\"wp-block-spacer\"><\/div>\n\n\n\n<figure class=\"wp-block-video\"><video height=\"854\" style=\"aspect-ratio: 2420 \/ 854;\" width=\"2420\" controls loop poster=\"https:\/\/beta.anadyomene.org\/wp-content\/uploads\/2026\/01\/Oliviers-millenaires_Carte-des-voyages-scaled.png\" src=\"https:\/\/beta.anadyomene.org\/wp-content\/uploads\/2026\/03\/Video_Oliviers-millenaires.mp4\"><\/video><\/figure>\n\n\n\n<div style=\"height:33px\" aria-hidden=\"true\" class=\"wp-block-spacer\"><\/div>\n\n\n\n<h2 class=\"wp-block-heading has-text-align-center\">D\u00e9marche et message photographique <\/h2>\n\n\n\n<div class=\"wp-block-columns is-layout-flex wp-container-core-columns-is-layout-28f84493 wp-block-columns-is-layout-flex\">\n<div class=\"wp-block-column is-layout-flow wp-block-column-is-layout-flow\" style=\"flex-basis:45%\">\n<p>La d\u00e9marche photographique du projet M\u00e9diterran\u00e9e, terroir divin s\u2019inscrit dans un travail de terrain au long cours. Chaque image est le fruit d\u2019un sourcing pr\u00e9cis, de rencontres, d\u2019observations patientes et d\u2019une immersion dans les paysages et les cultures ol\u00e9icoles m\u00e9diterran\u00e9ennes. Au-del\u00e0 d\u2019une approche botanique ou esth\u00e9tique, le projet interroge la relation intime entre l\u2019arbre et l\u2019humain : gestes agricoles transmis de g\u00e9n\u00e9ration en g\u00e9n\u00e9ration, r\u00e9cits familiaux, croyances, mythologies et usages quotidiens. L\u2019image devient ainsi un support de m\u00e9moire et de narration.<br><br>Les oliviers mill\u00e9naires sont \u00e9galement abord\u00e9s comme de v\u00e9ritables indicateurs \u00e9cologiques. \u00c0 travers les territoires photographi\u00e9s, le projet documente concr\u00e8tement les effets du d\u00e9r\u00e8glement climatique : s\u00e9cheresses r\u00e9p\u00e9t\u00e9es, stress hydrique, d\u00e9p\u00e9rissement de certaines oliveraies, pression accrue sur la ressource en eau, incendies de grande ampleur, mais aussi uniformisation vari\u00e9tale et perte de biodiversit\u00e9 li\u00e9es \u00e0 l\u2019intensification agricole.<br><\/p>\n<\/div>\n\n\n\n<div class=\"wp-block-column is-layout-flow wp-block-column-is-layout-flow\" style=\"flex-basis:7%\"><\/div>\n\n\n\n<div class=\"wp-block-column is-layout-flow wp-block-column-is-layout-flow\" style=\"flex-basis:45%\">\n<p>Le choix du storytelling illustr\u00e9 permet de d\u00e9passer la simple contemplation pour proposer une lecture sensible et accessible, o\u00f9 la photographie dialogue avec le texte. Le message de l\u2019exposition est double : alerter sur la fragilit\u00e9 de ces patrimoines vivants face aux bouleversements environnementaux, tout en c\u00e9l\u00e9brant la force symbolique et f\u00e9d\u00e9ratrice de l\u2019olivier comme trait d\u2019union entre nature, culture et soci\u00e9t\u00e9s m\u00e9diterran\u00e9ennes.<br><br>Cette approche a r\u00e9cemment \u00e9t\u00e9 reconnue au niveau international, avec l\u2019attribution d\u2019un prix photographique au festival Olio Officina \u00e0 Milan, consacr\u00e9 \u00e0 la culture de l\u2019huile d\u2019olive et au patrimoine ol\u00e9icole, venant renforcer la dimension artistique et \u00e9ditoriale du projet.<\/p>\n\n\n\n<p class=\"has-text-align-right\">&#8211; Claude Cruells<br><em>Fondateur et directeur de projets<\/em><br><\/p>\n<\/div>\n<\/div>\n\n\n\n<div style=\"height:61px\" aria-hidden=\"true\" class=\"wp-block-spacer\"><\/div>\n\n\n\n<div class=\"wp-block-group has-global-padding is-layout-constrained wp-block-group-is-layout-constrained\">\n<div class=\"wp-block-group is-layout-flow wp-block-group-is-layout-flow\">\n<h2 class=\"wp-block-heading has-secondary-color has-text-color\">Nos lecteurs adorent<\/h2>\n\n\n\n<div style=\"height:28px\" aria-hidden=\"true\" class=\"wp-block-spacer\"><\/div>\n\n\n\n<div class=\"wp-block-columns is-layout-flex wp-container-core-columns-is-layout-28f84493 wp-block-columns-is-layout-flex\">\n<div class=\"wp-block-column is-style-shadow has-background is-layout-flow wp-block-column-is-layout-flow\" style=\"border-style:none;border-width:0px;background-color:#f4f5f8;padding-top:30px;padding-right:30px;padding-bottom:30px;padding-left:30px\">\n<p>\u00ab\u00a0Etiam porta sem malesuada magna mollis euismod. Donec id elit non mi porta gravida at eget metus. Cras justo odio, dapibus ac facilisis in, egestas eget quam.\u00a0\u00bb<\/p>\n\n\n\n<div class=\"wp-block-group has-global-padding is-layout-constrained wp-block-group-is-layout-constrained\">\n<div class=\"wp-block-columns are-vertically-aligned-center is-layout-flex wp-container-core-columns-is-layout-28f84493 wp-block-columns-is-layout-flex\">\n<div class=\"wp-block-column is-vertically-aligned-center is-layout-flow wp-block-column-is-layout-flow\">\n<p class=\"has-foreground-color has-text-color\"><strong>Eva Lester<\/strong><br>Senior Supervisors \u30fb Fables<\/p>\n<\/div>\n<\/div>\n<\/div>\n<\/div>\n\n\n\n<div class=\"wp-block-column is-style-shadow has-background is-layout-flow wp-block-column-is-layout-flow\" style=\"border-style:none;border-width:0px;background-color:#f4f5f8;padding-top:30px;padding-right:30px;padding-bottom:30px;padding-left:30px\">\n<p>\u00ab\u00a0Etiam porta sem malesuada magna mollis euismod. Donec id elit non mi porta gravida at eget metus. Cras justo odio, dapibus ac facilisis in, egestas eget quam.\u00a0\u00bb<\/p>\n\n\n\n<div class=\"wp-block-columns are-vertically-aligned-center is-layout-flex wp-container-core-columns-is-layout-28f84493 wp-block-columns-is-layout-flex\">\n<div class=\"wp-block-column is-vertically-aligned-center is-layout-flow wp-block-column-is-layout-flow\">\n<p class=\"has-foreground-color has-text-color\"><strong><strong>James Richardson<\/strong><\/strong><br>Environmental Economist<\/p>\n<\/div>\n<\/div>\n<\/div>\n<\/div>\n\n\n\n<div class=\"wp-block-columns is-layout-flex wp-container-core-columns-is-layout-28f84493 wp-block-columns-is-layout-flex\">\n<div class=\"wp-block-column is-style-shadow has-background is-layout-flow wp-block-column-is-layout-flow\" style=\"border-style:none;border-width:0px;background-color:#f4f5f8;padding-top:30px;padding-right:30px;padding-bottom:30px;padding-left:30px\">\n<p>\u00ab\u00a0Etiam porta sem malesuada magna mollis euismod. Donec id elit non mi porta gravida at eget metus. Cras justo odio, dapibus ac facilisis in, egestas eget quam.\u00a0\u00bb<\/p>\n\n\n\n<div class=\"wp-block-group has-global-padding is-layout-constrained wp-block-group-is-layout-constrained\">\n<div class=\"wp-block-columns are-vertically-aligned-center is-layout-flex wp-container-core-columns-is-layout-28f84493 wp-block-columns-is-layout-flex\">\n<div class=\"wp-block-column is-vertically-aligned-center is-layout-flow wp-block-column-is-layout-flow\">\n<p class=\"has-foreground-color has-text-color\"><strong>Eva Lester<\/strong><br>Senior Supervisors \u30fb Fables<\/p>\n<\/div>\n<\/div>\n<\/div>\n<\/div>\n\n\n\n<div class=\"wp-block-column is-style-shadow has-background is-layout-flow wp-block-column-is-layout-flow\" style=\"border-style:none;border-width:0px;background-color:#f4f5f8;padding-top:30px;padding-right:30px;padding-bottom:30px;padding-left:30px\">\n<p>\u00ab\u00a0Etiam porta sem malesuada magna mollis euismod. Donec id elit non mi porta gravida at eget metus. Cras justo odio, dapibus ac facilisis in, egestas eget quam.\u00a0\u00bb<\/p>\n\n\n\n<div class=\"wp-block-columns are-vertically-aligned-center is-layout-flex wp-container-core-columns-is-layout-28f84493 wp-block-columns-is-layout-flex\">\n<div class=\"wp-block-column is-vertically-aligned-center is-layout-flow wp-block-column-is-layout-flow\">\n<p class=\"has-foreground-color has-text-color\"><strong><strong>James Richardson<\/strong><\/strong><br>Environmental Economist<\/p>\n<\/div>\n<\/div>\n<\/div>\n<\/div>\n\n\n\n<div style=\"height:138px\" aria-hidden=\"true\" class=\"wp-block-spacer\"><\/div>\n<\/div>\n<\/div>\n\n\n\n<p><\/p>","protected":false},"excerpt":{"rendered":"<p>Partez pour un voyage fascinant autour de la M\u00e9diterran\u00e9e \u00e0 la d\u00e9couverte des oliviers mill\u00e9naires, \u00e0 travers l&rsquo;objectif du photographe Claude Cruells. Bien plus qu&rsquo;un recueil d&rsquo;images rares, cet ouvrage &hellip; <\/p>\n<p class=\"link-more\"><a href=\"https:\/\/beta.anadyomene.org\/en\/oliviers-millenaires-les-gardiens-de-la-mediterranee\/\" class=\"more-link\">Read more<span class=\"screen-reader-text\"> \u00ab\u00a0Oliviers mill\u00e9naires, Les Gardiens de la M\u00e9diterran\u00e9e\u00a0\u00bb<\/span><\/a><\/p>","protected":false},"author":2,"featured_media":0,"parent":0,"menu_order":0,"comment_status":"closed","ping_status":"closed","template":"","meta":{"footnotes":""},"class_list":["post-75","page","type-page","status-publish","hentry"],"featured_media_urls":[],"_links":{"self":[{"href":"https:\/\/beta.anadyomene.org\/en\/wp-json\/wp\/v2\/pages\/75","targetHints":{"allow":["GET"]}}],"collection":[{"href":"https:\/\/beta.anadyomene.org\/en\/wp-json\/wp\/v2\/pages"}],"about":[{"href":"https:\/\/beta.anadyomene.org\/en\/wp-json\/wp\/v2\/types\/page"}],"author":[{"embeddable":true,"href":"https:\/\/beta.anadyomene.org\/en\/wp-json\/wp\/v2\/users\/2"}],"replies":[{"embeddable":true,"href":"https:\/\/beta.anadyomene.org\/en\/wp-json\/wp\/v2\/comments?post=75"}],"version-history":[{"count":46,"href":"https:\/\/beta.anadyomene.org\/en\/wp-json\/wp\/v2\/pages\/75\/revisions"}],"predecessor-version":[{"id":3230,"href":"https:\/\/beta.anadyomene.org\/en\/wp-json\/wp\/v2\/pages\/75\/revisions\/3230"}],"wp:attachment":[{"href":"https:\/\/beta.anadyomene.org\/en\/wp-json\/wp\/v2\/media?parent=75"}],"curies":[{"name":"wp","href":"https:\/\/api.w.org\/{rel}","templated":true}]}}