{"id":76,"date":"2025-12-05T16:30:29","date_gmt":"2025-12-05T15:30:29","guid":{"rendered":"https:\/\/beta.anadyomene.org\/?page_id=76"},"modified":"2026-01-30T13:03:10","modified_gmt":"2026-01-30T12:03:10","slug":"nos-carnets-de-voyage","status":"publish","type":"page","link":"https:\/\/beta.anadyomene.org\/en\/nos-carnets-de-voyage\/","title":{"rendered":"Our travel logs"},"content":{"rendered":"<h2 class=\"wp-block-heading\">Carnet n\u00b01 &#8211; 2017<\/h2>\n\n\n\n<div class=\"wp-block-columns is-layout-flex wp-container-core-columns-is-layout-28f84493 wp-block-columns-is-layout-flex\">\n<div class=\"wp-block-column is-layout-flow wp-block-column-is-layout-flow\" style=\"flex-basis:50%\">\n<figure class=\"wp-block-image size-large\"><img loading=\"lazy\" decoding=\"async\" width=\"1024\" height=\"724\" src=\"https:\/\/beta.anadyomene.org\/wp-content\/uploads\/2026\/01\/00-COUV-PELLENC-BLANC-copie-1024x724.jpg\" alt=\"\" class=\"wp-image-3036\" srcset=\"https:\/\/beta.anadyomene.org\/wp-content\/uploads\/2026\/01\/00-COUV-PELLENC-BLANC-copie-1024x724.jpg 1024w, https:\/\/beta.anadyomene.org\/wp-content\/uploads\/2026\/01\/00-COUV-PELLENC-BLANC-copie-300x212.jpg 300w, https:\/\/beta.anadyomene.org\/wp-content\/uploads\/2026\/01\/00-COUV-PELLENC-BLANC-copie-18x12.jpg 18w, https:\/\/beta.anadyomene.org\/wp-content\/uploads\/2026\/01\/00-COUV-PELLENC-BLANC-copie.jpg 1500w\" sizes=\"auto, (max-width: 1024px) 100vw, 1024px\" \/><\/figure>\n\n\n\n<figure class=\"wp-block-video\"><video height=\"1060\" style=\"aspect-ratio: 3000 \/ 1060;\" width=\"3000\" autoplay loop muted src=\"https:\/\/beta.anadyomene.org\/wp-content\/uploads\/2026\/01\/Video_Carnet-de-voyage_2017.mp4\" playsinline><\/video><\/figure>\n<\/div>\n\n\n\n<div class=\"wp-block-column is-vertically-aligned-center is-layout-flow wp-block-column-is-layout-flow\" style=\"flex-basis:50%\">\n<p>M\u00e9diterran\u00e9e\u2026 berceau de cultures mill\u00e9naires\u2026 de voyages, de d\u00e9couvertes, d\u2019\u00e9changes\u2026 Ce premier carnet de voyages vous entraine dans une aventure passionnante\u00a0: celle de notre projet photographique m\u00e9moriel \u00ab\u00a0M\u00e9diterran\u00e9e, terroir divin\u00a0\u00bb<\/p>\n\n\n\n<p>Destin\u00e9 \u00e0 \u00eatre transmis aux futures g\u00e9n\u00e9rations, nous souhaitons partager notre engagement vers la terre et la mer avec tous. Con\u00e7u et r\u00e9alis\u00e9 par l\u2019Association CarttooN Spirit, cette \u00e9pop\u00e9e de 5 ans vous fera d\u00e9couvrir les plus beaux vignobles et oliviers, parfois mill\u00e9naires des 19 pays du bassin m\u00e9diterran\u00e9en \u00e0 travers des carnets de voyages et des expositions, pour aboutir \u00e0 la r\u00e9alisation d\u2019un livre d\u2019art qui viendra cl\u00f4turer ce beau projet en 2022.<\/p>\n\n\n\n<p>Nous croyons \u00e0 ce vieil adage qui dit que l\u2019on prot\u00e8ge bien ce que l\u2019on aime\u2026 Que nous soyons \u00e0 pied, en quad, en avion, en bateau, en voiture, nous vous invitons \u00e0 vivre avec nous ce p\u00e9riple sur les traces d\u2019Ulysse et \u00e0 partager nos \u00e9motions, anecdotes et autres rencontres exceptionnelles\u2026.<\/p>\n\n\n\n<p><strong>Price : <\/strong>20\u20ac<br><strong>Offre : <\/strong>50\u20ac les trois carnets<\/p>\n\n\n\n<div style=\"height:24px\" aria-hidden=\"true\" class=\"wp-block-spacer\"><\/div>\n<\/div>\n<\/div>\n\n\n\n<div class=\"wp-block-buttons is-content-justification-center is-layout-flex wp-container-core-buttons-is-layout-a89b3969 wp-block-buttons-is-layout-flex\">\n<div class=\"wp-block-button\"><a class=\"wp-block-button__link has-secondary-background-color has-background wp-element-button\" href=\"https:\/\/beta.anadyomene.org\/en\/bon-de-commande-carnets-de-voyage\/\">Je commande !<\/a><\/div>\n<\/div>\n\n\n\n<div style=\"height:45px\" aria-hidden=\"true\" class=\"wp-block-spacer\"><\/div>\n\n\n\n<h2 class=\"wp-block-heading\">Carnet n\u00b02 &#8211; 2018<\/h2>\n\n\n\n<div class=\"wp-block-columns is-layout-flex wp-container-core-columns-is-layout-28f84493 wp-block-columns-is-layout-flex\">\n<div class=\"wp-block-column is-layout-flow wp-block-column-is-layout-flow\">\n<figure class=\"wp-block-image size-large\"><img loading=\"lazy\" decoding=\"async\" width=\"1024\" height=\"683\" src=\"https:\/\/beta.anadyomene.org\/wp-content\/uploads\/2026\/01\/Couverture_Carnet-de-voyage-2018-1024x683.jpg\" alt=\"\" class=\"wp-image-3043\" srcset=\"https:\/\/beta.anadyomene.org\/wp-content\/uploads\/2026\/01\/Couverture_Carnet-de-voyage-2018-1024x683.jpg 1024w, https:\/\/beta.anadyomene.org\/wp-content\/uploads\/2026\/01\/Couverture_Carnet-de-voyage-2018-300x200.jpg 300w, https:\/\/beta.anadyomene.org\/wp-content\/uploads\/2026\/01\/Couverture_Carnet-de-voyage-2018-18x12.jpg 18w, https:\/\/beta.anadyomene.org\/wp-content\/uploads\/2026\/01\/Couverture_Carnet-de-voyage-2018.jpg 1830w\" sizes=\"auto, (max-width: 1024px) 100vw, 1024px\" \/><\/figure>\n\n\n\n<figure class=\"wp-block-video\"><video height=\"1060\" style=\"aspect-ratio: 3000 \/ 1060;\" width=\"3000\" autoplay loop muted src=\"https:\/\/beta.anadyomene.org\/wp-content\/uploads\/2026\/01\/Carnet-de-voyage_2018.mp4\" playsinline><\/video><\/figure>\n<\/div>\n\n\n\n<div class=\"wp-block-column is-vertically-aligned-center is-layout-flow wp-block-column-is-layout-flow\">\n<p>C\u2019est avec joie que nous partageons avec vous la couverture et quelques planches du Carnet de voyages 2018, projet photographique m\u00e9moriel \u00ab&nbsp;M\u00e9diterran\u00e9e, terroir divin&nbsp;\u00bb.<\/p>\n\n\n\n<p>Comme un enfant, ce projet grandit, gagne en maturit\u00e9, et il s\u2019enrichit toujours plus de nouvelles exp\u00e9riences. Inscrit dans la contemporan\u00e9it\u00e9 d\u2019une ann\u00e9e, la r\u00e9alisation de ce carnet de voyages nous permet de faire le point, d\u2019ancrer des souvenirs \u00e0 des images et \u00e0 des mots, de partager cette m\u00e9moire parfois \u00e9vanescente, celle qui nous \u00e9chappe \u00e0 tous et que nous aimerions pourtant partager avec ceux de maintenant et ceux de demain.\u00a0Fastidieux, l\u2019exercice n\u2019en demeure pas moins une source de grand bonheur. Bref, nous \u00e9levons un projet. Nous le nourrissons, l\u2019orientons, le c\u00e2linons, lui chuchotons nos espoirs et nos d\u00e9sespoirs, nous l\u2019habillons pour qu\u2019il n\u2019ait pas froid, lui enlevons quelques frusques pour qu\u2019il n\u2019\u00e9touffe pas de chaleur, nous calmons ses ardeurs et apaisons ses col\u00e8res tout en l\u2019encourageant \u00e0 grandir. Et puis, nous faisons en sorte qu\u2019il soit bien entour\u00e9\u2026<\/p>\n\n\n\n<p><strong>Price : <\/strong>20\u20ac<br><strong>Offre : <\/strong>50\u20ac les trois carnets<\/p>\n\n\n\n<div style=\"height:24px\" aria-hidden=\"true\" class=\"wp-block-spacer\"><\/div>\n<\/div>\n<\/div>\n\n\n\n<div class=\"wp-block-buttons is-content-justification-center is-layout-flex wp-container-core-buttons-is-layout-a89b3969 wp-block-buttons-is-layout-flex\">\n<div class=\"wp-block-button\"><a class=\"wp-block-button__link has-secondary-background-color has-background wp-element-button\" href=\"https:\/\/beta.anadyomene.org\/en\/bon-de-commande-carnets-de-voyage\/\">Je commande !<\/a><\/div>\n<\/div>\n\n\n\n<div style=\"height:45px\" aria-hidden=\"true\" class=\"wp-block-spacer\"><\/div>\n\n\n\n<h2 class=\"wp-block-heading\">Carnet n\u00b03 &#8211; 2019<\/h2>\n\n\n\n<div class=\"wp-block-columns is-layout-flex wp-container-core-columns-is-layout-28f84493 wp-block-columns-is-layout-flex\">\n<div class=\"wp-block-column is-layout-flow wp-block-column-is-layout-flow\">\n<figure class=\"wp-block-image size-large\"><img loading=\"lazy\" decoding=\"async\" width=\"1024\" height=\"689\" src=\"https:\/\/beta.anadyomene.org\/wp-content\/uploads\/2026\/01\/A_Couv-EXTERIEUR-CARTTOON-811x210mm-VISUEL-BD_ok-1024x689.jpg\" alt=\"\" class=\"wp-image-3048\" srcset=\"https:\/\/beta.anadyomene.org\/wp-content\/uploads\/2026\/01\/A_Couv-EXTERIEUR-CARTTOON-811x210mm-VISUEL-BD_ok-1024x689.jpg 1024w, https:\/\/beta.anadyomene.org\/wp-content\/uploads\/2026\/01\/A_Couv-EXTERIEUR-CARTTOON-811x210mm-VISUEL-BD_ok-300x202.jpg 300w, https:\/\/beta.anadyomene.org\/wp-content\/uploads\/2026\/01\/A_Couv-EXTERIEUR-CARTTOON-811x210mm-VISUEL-BD_ok-18x12.jpg 18w, https:\/\/beta.anadyomene.org\/wp-content\/uploads\/2026\/01\/A_Couv-EXTERIEUR-CARTTOON-811x210mm-VISUEL-BD_ok.jpg 1844w\" sizes=\"auto, (max-width: 1024px) 100vw, 1024px\" \/><\/figure>\n\n\n\n<figure class=\"wp-block-video\"><video height=\"1060\" style=\"aspect-ratio: 3000 \/ 1060;\" width=\"3000\" autoplay loop muted src=\"https:\/\/beta.anadyomene.org\/wp-content\/uploads\/2026\/01\/Carnet-de-voyage_2019.mp4\" playsinline><\/video><\/figure>\n<\/div>\n\n\n\n<div class=\"wp-block-column is-vertically-aligned-center is-layout-flow wp-block-column-is-layout-flow\">\n<p>Il s\u2019agit du plus long et plus complet reportage depuis le d\u00e9but de notre projet \u00ab&nbsp;M\u00e9diterran\u00e9e, terroir divin&nbsp;\u00bb.<\/p>\n\n\n\n<p>Des milliers de kilom\u00e8tres \u00e0 parcourir entre terre et mer !<\/p>\n\n\n\n<p>De nombreux, vari\u00e9s et merveilleux paysages de vignes et d\u2019oliviers \u00e0 explorer du nord de l\u2019Italie (Pi\u00e9mont) en passant par la Slov\u00e9nie, la Croatie, la Bosnie et le Mont\u00e9n\u00e9gro, puis en remontant par les Pouilles et enfin la Sardaigne!&nbsp;<\/p>\n\n\n\n<p>Cinq semaines sur les routes de la M\u00e9diterran\u00e9e \u00e0 la recherche des plus beaux vignobles et des rencontres les plus riches !<\/p>\n\n\n\n<p><strong>Price : <\/strong>20\u20ac<br><strong>Offre : <\/strong>50\u20ac les trois carnets<\/p>\n\n\n\n<div style=\"height:24px\" aria-hidden=\"true\" class=\"wp-block-spacer\"><\/div>\n\n\n\n<div class=\"wp-block-buttons is-content-justification-center is-layout-flex wp-container-core-buttons-is-layout-a89b3969 wp-block-buttons-is-layout-flex\">\n<div class=\"wp-block-button\"><a class=\"wp-block-button__link has-secondary-background-color has-background wp-element-button\" href=\"https:\/\/beta.anadyomene.org\/en\/bon-de-commande-carnets-de-voyage\/\">Je commande !<\/a><\/div>\n<\/div>\n<\/div>\n<\/div>\n\n\n\n<p><\/p>","protected":false},"excerpt":{"rendered":"<p>Carnet n\u00b01 &#8211; 2017 M\u00e9diterran\u00e9e\u2026 berceau de cultures mill\u00e9naires\u2026 de voyages, de d\u00e9couvertes, d\u2019\u00e9changes\u2026 Ce premier carnet de voyages vous entraine dans une aventure passionnante\u00a0: celle de notre projet photographique &hellip; <\/p>\n<p class=\"link-more\"><a href=\"https:\/\/beta.anadyomene.org\/en\/nos-carnets-de-voyage\/\" class=\"more-link\">Read more<span class=\"screen-reader-text\"> \u00ab\u00a0Nos carnets de voyage\u00a0\u00bb<\/span><\/a><\/p>","protected":false},"author":2,"featured_media":0,"parent":0,"menu_order":0,"comment_status":"closed","ping_status":"closed","template":"","meta":{"footnotes":""},"class_list":["post-76","page","type-page","status-publish","hentry"],"featured_media_urls":[],"_links":{"self":[{"href":"https:\/\/beta.anadyomene.org\/en\/wp-json\/wp\/v2\/pages\/76","targetHints":{"allow":["GET"]}}],"collection":[{"href":"https:\/\/beta.anadyomene.org\/en\/wp-json\/wp\/v2\/pages"}],"about":[{"href":"https:\/\/beta.anadyomene.org\/en\/wp-json\/wp\/v2\/types\/page"}],"author":[{"embeddable":true,"href":"https:\/\/beta.anadyomene.org\/en\/wp-json\/wp\/v2\/users\/2"}],"replies":[{"embeddable":true,"href":"https:\/\/beta.anadyomene.org\/en\/wp-json\/wp\/v2\/comments?post=76"}],"version-history":[{"count":16,"href":"https:\/\/beta.anadyomene.org\/en\/wp-json\/wp\/v2\/pages\/76\/revisions"}],"predecessor-version":[{"id":3063,"href":"https:\/\/beta.anadyomene.org\/en\/wp-json\/wp\/v2\/pages\/76\/revisions\/3063"}],"wp:attachment":[{"href":"https:\/\/beta.anadyomene.org\/en\/wp-json\/wp\/v2\/media?parent=76"}],"curies":[{"name":"wp","href":"https:\/\/api.w.org\/{rel}","templated":true}]}}