{"id":77,"date":"2025-12-05T16:30:29","date_gmt":"2025-12-05T15:30:29","guid":{"rendered":"https:\/\/beta.anadyomene.org\/?page_id=77"},"modified":"2026-02-19T11:16:25","modified_gmt":"2026-02-19T10:16:25","slug":"livrets-pedagogiques","status":"publish","type":"page","link":"https:\/\/beta.anadyomene.org\/en\/livrets-pedagogiques\/","title":{"rendered":"Educational booklets"},"content":{"rendered":"<div class=\"wp-block-columns is-layout-flex wp-container-core-columns-is-layout-28f84493 wp-block-columns-is-layout-flex\">\n<div class=\"wp-block-column is-layout-flow wp-block-column-is-layout-flow\" style=\"flex-basis:40%\">\n<figure class=\"wp-block-image size-large\"><img loading=\"lazy\" decoding=\"async\" width=\"785\" height=\"1024\" src=\"https:\/\/beta.anadyomene.org\/wp-content\/uploads\/2026\/01\/Couverture_Bienfaits_huile_olive-785x1024.png\" alt=\"\" class=\"wp-image-3020\" style=\"aspect-ratio:0.7666116068361433\" srcset=\"https:\/\/beta.anadyomene.org\/wp-content\/uploads\/2026\/01\/Couverture_Bienfaits_huile_olive-785x1024.png 785w, https:\/\/beta.anadyomene.org\/wp-content\/uploads\/2026\/01\/Couverture_Bienfaits_huile_olive-230x300.png 230w, https:\/\/beta.anadyomene.org\/wp-content\/uploads\/2026\/01\/Couverture_Bienfaits_huile_olive-9x12.png 9w, https:\/\/beta.anadyomene.org\/wp-content\/uploads\/2026\/01\/Couverture_Bienfaits_huile_olive.png 908w\" sizes=\"auto, (max-width: 785px) 100vw, 785px\" \/><\/figure>\n<\/div>\n\n\n\n<div class=\"wp-block-column is-layout-flow wp-block-column-is-layout-flow\" style=\"flex-basis:50%\">\n<h2 class=\"wp-block-heading\">La M\u00e9diterran\u00e9e dans l\u2019assiette<\/h2>\n\n\n\n<p>\u00c0 travers la cr\u00e9ation d\u2019un livret p\u00e9dagogique d\u2019une vingtaine de pages, l\u2019association Anadyom\u00e8ne d\u00e9veloppe un programme \u00e9ducatif destin\u00e9 aux \u00e9l\u00e8ves du primaire, pour les sensibiliser \u00e0 une alimentation plus saine inspir\u00e9e du r\u00e9gime m\u00e9diterran\u00e9en (appel\u00e9 \u00e9galement r\u00e9gime cr\u00e9tois).<br><br>Con\u00e7u en collaboration avec des \u00e9quipes enseignantes, ce support ludique et illustr\u00e9 aborde \u00e0 la fois la nutrition, la culture du go\u00fbt, la biodiversit\u00e9, mais aussi la g\u00e9ographie et l\u2019histoire du bassin m\u00e9diterran\u00e9en.<br><br>Guid\u00e9s par les oliviers mill\u00e9naires, t\u00e9moins vivants de notre patrimoine, les enfants d\u00e9couvrent le chemin de l\u2019olive \u00e0 l\u2019huile, les bienfaits de cette alimentation et les liens profonds entre territoire, sant\u00e9 et transmission.<br><br>Jeux, quiz, observations sensorielles et activit\u00e9s cr\u00e9atives rythment ce parcours p\u00e9dagogique, pens\u00e9 comme une exp\u00e9rience positive et concr\u00e8te.<br>Ce projet s\u2019inscrit dans une d\u00e9marche globale d\u2019\u00e9ducation, de pr\u00e9vention et de respect de l\u2019environnement, avec pour ambition de donner aux plus jeunes les cl\u00e9s d\u2019une alimentation consciente et durable.<\/p>\n<\/div>\n<\/div>\n\n\n\n<div style=\"height:100px\" aria-hidden=\"true\" class=\"wp-block-spacer\"><\/div>","protected":false},"excerpt":{"rendered":"<p>La M\u00e9diterran\u00e9e dans l\u2019assiette \u00c0 travers la cr\u00e9ation d\u2019un livret p\u00e9dagogique d\u2019une vingtaine de pages, l\u2019association Anadyom\u00e8ne d\u00e9veloppe un programme \u00e9ducatif destin\u00e9 aux \u00e9l\u00e8ves du primaire, pour les sensibiliser \u00e0 &hellip; <\/p>\n<p class=\"link-more\"><a href=\"https:\/\/beta.anadyomene.org\/en\/livrets-pedagogiques\/\" class=\"more-link\">Read more<span class=\"screen-reader-text\"> \u00ab\u00a0Livrets p\u00e9dagogiques\u00a0\u00bb<\/span><\/a><\/p>","protected":false},"author":2,"featured_media":0,"parent":0,"menu_order":0,"comment_status":"closed","ping_status":"closed","template":"","meta":{"footnotes":""},"class_list":["post-77","page","type-page","status-publish","hentry"],"featured_media_urls":[],"_links":{"self":[{"href":"https:\/\/beta.anadyomene.org\/en\/wp-json\/wp\/v2\/pages\/77","targetHints":{"allow":["GET"]}}],"collection":[{"href":"https:\/\/beta.anadyomene.org\/en\/wp-json\/wp\/v2\/pages"}],"about":[{"href":"https:\/\/beta.anadyomene.org\/en\/wp-json\/wp\/v2\/types\/page"}],"author":[{"embeddable":true,"href":"https:\/\/beta.anadyomene.org\/en\/wp-json\/wp\/v2\/users\/2"}],"replies":[{"embeddable":true,"href":"https:\/\/beta.anadyomene.org\/en\/wp-json\/wp\/v2\/comments?post=77"}],"version-history":[{"count":7,"href":"https:\/\/beta.anadyomene.org\/en\/wp-json\/wp\/v2\/pages\/77\/revisions"}],"predecessor-version":[{"id":3089,"href":"https:\/\/beta.anadyomene.org\/en\/wp-json\/wp\/v2\/pages\/77\/revisions\/3089"}],"wp:attachment":[{"href":"https:\/\/beta.anadyomene.org\/en\/wp-json\/wp\/v2\/media?parent=77"}],"curies":[{"name":"wp","href":"https:\/\/api.w.org\/{rel}","templated":true}]}}