{"id":78,"date":"2025-12-05T16:30:29","date_gmt":"2025-12-05T15:30:29","guid":{"rendered":"https:\/\/beta.anadyomene.org\/?page_id=78"},"modified":"2026-01-29T18:24:16","modified_gmt":"2026-01-29T17:24:16","slug":"realisations-videos","status":"publish","type":"page","link":"https:\/\/beta.anadyomene.org\/en\/realisations-videos\/","title":{"rendered":"Video productions"},"content":{"rendered":"<p>Une M\u00e9diterran\u00e9e vivante, racont\u00e9e sur le terrain. <\/p>\n\n\n\n<p>Rejoignez-nous sur <a href=\"https:\/\/www.youtube.com\/@Anadyom%C3%A8ne-ong\">notre cha\u00eene YouTube<\/a> et explorez, \u00e0 travers reportages et t\u00e9moignages, les diff\u00e9rentes facettes de \u00ab\u00a0M\u00e9diterran\u00e9e Terroir Divin\u00a0\u00bb.<\/p>\n\n\n\n<p>Bon visionnage ! <\/p>\n\n\n\n<div style=\"height:39px\" aria-hidden=\"true\" class=\"wp-block-spacer\"><\/div>\n\n\n\n<div class=\"wp-block-columns is-layout-flex wp-container-core-columns-is-layout-28f84493 wp-block-columns-is-layout-flex\">\n<div class=\"wp-block-column is-layout-flow wp-block-column-is-layout-flow\">\n<figure class=\"wp-block-embed aligncenter is-type-video is-provider-youtube wp-block-embed-youtube wp-embed-aspect-16-9 wp-has-aspect-ratio\" style=\"margin-top:0px;margin-bottom:0px\"><div class=\"wp-block-embed__wrapper\">\n<iframe loading=\"lazy\" title=\"EP01 : Pr\u00e9sentation Anadyom\u00e8ne - M\u00e9diterran\u00e9e Terroir Divin\" width=\"950\" height=\"534\" src=\"https:\/\/www.youtube.com\/embed\/rN8qAYJMih8?feature=oembed\" frameborder=\"0\" allow=\"accelerometer; autoplay; clipboard-write; encrypted-media; gyroscope; picture-in-picture; web-share\" referrerpolicy=\"strict-origin-when-cross-origin\" allowfullscreen><\/iframe>\n<\/div><\/figure>\n\n\n\n<figure class=\"wp-block-embed is-type-video is-provider-youtube wp-block-embed-youtube wp-embed-aspect-16-9 wp-has-aspect-ratio\"><div class=\"wp-block-embed__wrapper\">\n<iframe loading=\"lazy\" title=\"EP05 : Sauvetage d&#039;un Olivier Mill\u00e9naire - M\u00e9diterran\u00e9e Terroir Divin\" width=\"950\" height=\"534\" src=\"https:\/\/www.youtube.com\/embed\/Zh4BarV7N98?feature=oembed\" frameborder=\"0\" allow=\"accelerometer; autoplay; clipboard-write; encrypted-media; gyroscope; picture-in-picture; web-share\" referrerpolicy=\"strict-origin-when-cross-origin\" allowfullscreen><\/iframe>\n<\/div><\/figure>\n<\/div>\n\n\n\n<div class=\"wp-block-column is-layout-flow wp-block-column-is-layout-flow\" style=\"padding-top:0;padding-bottom:0\">\n<figure class=\"wp-block-embed is-type-video is-provider-youtube wp-block-embed-youtube wp-embed-aspect-16-9 wp-has-aspect-ratio\"><div class=\"wp-block-embed__wrapper\">\n<iframe loading=\"lazy\" title=\"EP02 : Marc Imbert - M\u00e9diterran\u00e9e Terroir Divin\" width=\"950\" height=\"534\" src=\"https:\/\/www.youtube.com\/embed\/1zCYA45zYBg?feature=oembed\" frameborder=\"0\" allow=\"accelerometer; autoplay; clipboard-write; encrypted-media; gyroscope; picture-in-picture; web-share\" referrerpolicy=\"strict-origin-when-cross-origin\" allowfullscreen><\/iframe>\n<\/div><\/figure>\n\n\n\n<figure class=\"wp-block-embed is-type-video is-provider-youtube wp-block-embed-youtube wp-embed-aspect-16-9 wp-has-aspect-ratio\"><div class=\"wp-block-embed__wrapper\">\n<iframe loading=\"lazy\" title=\"3\u00e8me congr\u00e8s des \u00e9lus Groupama M\u00e9diterran\u00e9e 2025 - Arles\" width=\"950\" height=\"534\" src=\"https:\/\/www.youtube.com\/embed\/3JyU8kpWxvA?feature=oembed\" frameborder=\"0\" allow=\"accelerometer; autoplay; clipboard-write; encrypted-media; gyroscope; picture-in-picture; web-share\" referrerpolicy=\"strict-origin-when-cross-origin\" allowfullscreen><\/iframe>\n<\/div><\/figure>\n<\/div>\n\n\n\n<div class=\"wp-block-column is-layout-flow wp-block-column-is-layout-flow\">\n<figure class=\"wp-block-embed is-type-video is-provider-youtube wp-block-embed-youtube wp-embed-aspect-16-9 wp-has-aspect-ratio\"><div class=\"wp-block-embed__wrapper\">\n<iframe loading=\"lazy\" title=\"EP03 : Fabrication de l&#039;ouvrage &quot;M\u00e9diterran\u00e9e Terroir Divin&quot;\" width=\"950\" height=\"534\" src=\"https:\/\/www.youtube.com\/embed\/98Biql_qEx0?feature=oembed\" frameborder=\"0\" allow=\"accelerometer; autoplay; clipboard-write; encrypted-media; gyroscope; picture-in-picture; web-share\" referrerpolicy=\"strict-origin-when-cross-origin\" allowfullscreen><\/iframe>\n<\/div><\/figure>\n\n\n\n<figure class=\"wp-block-embed is-type-video is-provider-youtube wp-block-embed-youtube wp-embed-aspect-16-9 wp-has-aspect-ratio\"><div class=\"wp-block-embed__wrapper\">\n<iframe loading=\"lazy\" title=\"Salon Olio Officina G\u00eanes 2025 - M\u00e9diterran\u00e9e Terroir Divin\" width=\"950\" height=\"534\" src=\"https:\/\/www.youtube.com\/embed\/LTP9dgN_Bxo?feature=oembed\" frameborder=\"0\" allow=\"accelerometer; autoplay; clipboard-write; encrypted-media; gyroscope; picture-in-picture; web-share\" referrerpolicy=\"strict-origin-when-cross-origin\" allowfullscreen><\/iframe>\n<\/div><\/figure>\n<\/div>\n\n\n\n<div class=\"wp-block-column is-layout-flow wp-block-column-is-layout-flow\">\n<figure class=\"wp-block-embed is-type-video is-provider-youtube wp-block-embed-youtube wp-embed-aspect-16-9 wp-has-aspect-ratio\"><div class=\"wp-block-embed__wrapper\">\n<iframe loading=\"lazy\" title=\"EP04 : Les Pierres S\u00e8ches - M\u00e9diterran\u00e9e Terroir Divin\" width=\"950\" height=\"534\" src=\"https:\/\/www.youtube.com\/embed\/go94VUMmlHg?feature=oembed\" frameborder=\"0\" allow=\"accelerometer; autoplay; clipboard-write; encrypted-media; gyroscope; picture-in-picture; web-share\" referrerpolicy=\"strict-origin-when-cross-origin\" allowfullscreen><\/iframe>\n<\/div><\/figure>\n\n\n\n<figure class=\"wp-block-embed is-type-video is-provider-youtube wp-block-embed-youtube wp-embed-aspect-16-9 wp-has-aspect-ratio\"><div class=\"wp-block-embed__wrapper\">\n<iframe loading=\"lazy\" title=\"Festival Photo-Nature de Montier en Der - Novembre 2025\" width=\"950\" height=\"534\" src=\"https:\/\/www.youtube.com\/embed\/ePKfl6ZR_2Q?feature=oembed\" frameborder=\"0\" allow=\"accelerometer; autoplay; clipboard-write; encrypted-media; gyroscope; picture-in-picture; web-share\" referrerpolicy=\"strict-origin-when-cross-origin\" allowfullscreen><\/iframe>\n<\/div><\/figure>\n<\/div>\n<\/div>\n\n\n\n<p><\/p>","protected":false},"excerpt":{"rendered":"<p>Une M\u00e9diterran\u00e9e vivante, racont\u00e9e sur le terrain. Rejoignez-nous sur notre cha\u00eene YouTube et explorez, \u00e0 travers reportages et t\u00e9moignages, les diff\u00e9rentes facettes de \u00ab\u00a0M\u00e9diterran\u00e9e Terroir Divin\u00a0\u00bb. Bon visionnage !<\/p>","protected":false},"author":2,"featured_media":0,"parent":0,"menu_order":0,"comment_status":"closed","ping_status":"closed","template":"","meta":{"footnotes":""},"class_list":["post-78","page","type-page","status-publish","hentry"],"featured_media_urls":[],"_links":{"self":[{"href":"https:\/\/beta.anadyomene.org\/en\/wp-json\/wp\/v2\/pages\/78","targetHints":{"allow":["GET"]}}],"collection":[{"href":"https:\/\/beta.anadyomene.org\/en\/wp-json\/wp\/v2\/pages"}],"about":[{"href":"https:\/\/beta.anadyomene.org\/en\/wp-json\/wp\/v2\/types\/page"}],"author":[{"embeddable":true,"href":"https:\/\/beta.anadyomene.org\/en\/wp-json\/wp\/v2\/users\/2"}],"replies":[{"embeddable":true,"href":"https:\/\/beta.anadyomene.org\/en\/wp-json\/wp\/v2\/comments?post=78"}],"version-history":[{"count":13,"href":"https:\/\/beta.anadyomene.org\/en\/wp-json\/wp\/v2\/pages\/78\/revisions"}],"predecessor-version":[{"id":2592,"href":"https:\/\/beta.anadyomene.org\/en\/wp-json\/wp\/v2\/pages\/78\/revisions\/2592"}],"wp:attachment":[{"href":"https:\/\/beta.anadyomene.org\/en\/wp-json\/wp\/v2\/media?parent=78"}],"curies":[{"name":"wp","href":"https:\/\/api.w.org\/{rel}","templated":true}]}}